{"id":554,"date":"2024-02-06T23:55:22","date_gmt":"2024-02-06T23:55:22","guid":{"rendered":"http:\/\/52.86.208.245\/?page_id=554"},"modified":"2026-03-25T15:57:30","modified_gmt":"2026-03-25T15:57:30","slug":"formularios","status":"publish","type":"page","link":"https:\/\/crai.uca.edu.sv\/index.php\/formularios\/","title":{"rendered":"Formularios"},"content":{"rendered":"\t\t<div data-elementor-type=\"wp-page\" data-elementor-id=\"554\" class=\"elementor elementor-554\" data-elementor-post-type=\"page\">\n\t\t\t\t\t\t<section class=\"elementor-section elementor-top-section elementor-element elementor-element-7a87292f elementor-section-content-middle elementor-section-boxed elementor-section-height-default elementor-section-height-default\" data-id=\"7a87292f\" data-element_type=\"section\" data-settings=\"{&quot;background_background&quot;:&quot;classic&quot;}\">\n\t\t\t\t\t\t\t<div class=\"elementor-background-overlay\"><\/div>\n\t\t\t\t\t\t\t<div class=\"elementor-container elementor-column-gap-no\">\n\t\t\t\t\t<div class=\"elementor-column elementor-col-100 elementor-top-column elementor-element elementor-element-6a043c0d\" data-id=\"6a043c0d\" data-element_type=\"column\">\n\t\t\t<div class=\"elementor-widget-wrap elementor-element-populated\">\n\t\t\t\t\t\t<div class=\"elementor-element elementor-element-616c300b elementor-widget elementor-widget-heading\" data-id=\"616c300b\" data-element_type=\"widget\" data-widget_type=\"heading.default\">\n\t\t\t\t<div class=\"elementor-widget-container\">\n\t\t\t\t\t<h1 class=\"elementor-heading-title elementor-size-default\">Formularios<\/h1>\t\t\t\t<\/div>\n\t\t\t\t<\/div>\n\t\t\t\t\t<\/div>\n\t\t<\/div>\n\t\t\t\t\t<\/div>\n\t\t<\/section>\n\t\t<div class=\"elementor-element elementor-element-8071254 e-flex e-con-boxed e-con e-parent\" data-id=\"8071254\" data-element_type=\"container\">\n\t\t\t\t\t<div class=\"e-con-inner\">\n\t\t\t\t<div class=\"elementor-element elementor-element-fd36199 elementor-widget elementor-widget-spacer\" data-id=\"fd36199\" data-element_type=\"widget\" data-widget_type=\"spacer.default\">\n\t\t\t\t<div class=\"elementor-widget-container\">\n\t\t\t\t\t\t\t<div class=\"elementor-spacer\">\n\t\t\t<div class=\"elementor-spacer-inner\"><\/div>\n\t\t<\/div>\n\t\t\t\t\t\t<\/div>\n\t\t\t\t<\/div>\n\t\t\t\t\t<\/div>\n\t\t\t\t<\/div>\n\t\t<div class=\"elementor-element elementor-element-8718976 e-flex e-con-boxed e-con e-parent\" data-id=\"8718976\" data-element_type=\"container\">\n\t\t\t\t\t<div class=\"e-con-inner\">\n\t\t\t\t<div class=\"elementor-element elementor-element-ccf399d elementor-widget elementor-widget-text-editor\" data-id=\"ccf399d\" data-element_type=\"widget\" data-widget_type=\"text-editor.default\">\n\t\t\t\t<div class=\"elementor-widget-container\">\n\t\t\t\t\t\t\t\t\t<p><span style=\"color: #003c71;\">La Biblioteca \u00abP. Florentino Idoate, S.J.\u00bb cuenta con diversos servicios para todos los usuarios, para poder servirle de manera m\u00e1s adecuada, ponemos a su disposici\u00f3n los formularios para solicitar los diferentes servicios dentro de la Biblioteca.<\/span><\/p>\t\t\t\t\t\t\t\t<\/div>\n\t\t\t\t<\/div>\n\t\t\t\t\t<\/div>\n\t\t\t\t<\/div>\n\t\t<div class=\"elementor-element elementor-element-7af1039d e-flex e-con-boxed e-con e-parent\" data-id=\"7af1039d\" data-element_type=\"container\">\n\t\t\t\t\t<div class=\"e-con-inner\">\n\t\t<div class=\"elementor-element elementor-element-78975f6c e-flex e-con-boxed e-con e-child\" data-id=\"78975f6c\" data-element_type=\"container\">\n\t\t\t\t\t<div class=\"e-con-inner\">\n\t\t<div class=\"elementor-element elementor-element-ab3ecd5 e-con-full e-flex e-con e-child\" data-id=\"ab3ecd5\" data-element_type=\"container\">\n\t\t\t\t<div class=\"elementor-element elementor-element-33fa7f7d elementor-icon-list--layout-traditional elementor-list-item-link-full_width elementor-widget elementor-widget-icon-list\" data-id=\"33fa7f7d\" data-element_type=\"widget\" data-widget_type=\"icon-list.default\">\n\t\t\t\t<div class=\"elementor-widget-container\">\n\t\t\t\t\t\t\t<ul class=\"elementor-icon-list-items\">\n\t\t\t\t\t\t\t<li class=\"elementor-icon-list-item\">\n\t\t\t\t\t\t\t\t\t\t<span class=\"elementor-icon-list-text\">Actualizaci\u00f3n Bibliogr\u00e1fica de Planes de Estudio<\/span>\n\t\t\t\t\t\t\t\t\t<\/li>\n\t\t\t\t\t\t<\/ul>\n\t\t\t\t\t\t<\/div>\n\t\t\t\t<\/div>\n\t\t\t\t<\/div>\n\t\t<div class=\"elementor-element elementor-element-19f80e5e e-flex e-con-boxed e-con e-child\" data-id=\"19f80e5e\" data-element_type=\"container\">\n\t\t\t\t\t<div class=\"e-con-inner\">\n\t\t\t\t<div class=\"elementor-element elementor-element-774b2235 elementor-align-center elementor-widget elementor-widget-button\" data-id=\"774b2235\" data-element_type=\"widget\" data-widget_type=\"button.default\">\n\t\t\t\t<div class=\"elementor-widget-container\">\n\t\t\t\t\t\t\t\t\t<div class=\"elementor-button-wrapper\">\n\t\t\t\t\t<a class=\"elementor-button elementor-button-link elementor-size-sm elementor-animation-grow\" href=\"https:\/\/crai.uca.edu.sv\/wp-content\/uploads\/2024\/02\/form_actualizacion_planes_de_estudio.pdf\" target=\"_blank\">\n\t\t\t\t\t\t<span class=\"elementor-button-content-wrapper\">\n\t\t\t\t\t\t\t\t\t<span class=\"elementor-button-text\">Ver<\/span>\n\t\t\t\t\t<\/span>\n\t\t\t\t\t<\/a>\n\t\t\t\t<\/div>\n\t\t\t\t\t\t\t\t<\/div>\n\t\t\t\t<\/div>\n\t\t\t\t\t<\/div>\n\t\t\t\t<\/div>\n\t\t\t\t\t<\/div>\n\t\t\t\t<\/div>\n\t\t\t\t\t<\/div>\n\t\t\t\t<\/div>\n\t\t<div class=\"elementor-element elementor-element-ef8fd0a e-flex e-con-boxed e-con e-parent\" data-id=\"ef8fd0a\" data-element_type=\"container\">\n\t\t\t\t\t<div class=\"e-con-inner\">\n\t\t<div class=\"elementor-element elementor-element-44e9e42 e-flex e-con-boxed e-con e-child\" data-id=\"44e9e42\" data-element_type=\"container\">\n\t\t\t\t\t<div class=\"e-con-inner\">\n\t\t<div class=\"elementor-element elementor-element-2555ec2 e-con-full e-flex e-con e-child\" data-id=\"2555ec2\" data-element_type=\"container\">\n\t\t\t\t<div class=\"elementor-element elementor-element-ba25eac elementor-icon-list--layout-traditional elementor-list-item-link-full_width elementor-widget elementor-widget-icon-list\" data-id=\"ba25eac\" data-element_type=\"widget\" data-widget_type=\"icon-list.default\">\n\t\t\t\t<div class=\"elementor-widget-container\">\n\t\t\t\t\t\t\t<ul class=\"elementor-icon-list-items\">\n\t\t\t\t\t\t\t<li class=\"elementor-icon-list-item\">\n\t\t\t\t\t\t\t\t\t\t<span class=\"elementor-icon-list-text\">Compra de Material Bibliogr\u00e1fico<\/span>\n\t\t\t\t\t\t\t\t\t<\/li>\n\t\t\t\t\t\t<\/ul>\n\t\t\t\t\t\t<\/div>\n\t\t\t\t<\/div>\n\t\t\t\t<\/div>\n\t\t<div class=\"elementor-element elementor-element-83e68c3 e-flex e-con-boxed e-con e-child\" data-id=\"83e68c3\" data-element_type=\"container\">\n\t\t\t\t\t<div class=\"e-con-inner\">\n\t\t\t\t<div class=\"elementor-element elementor-element-6d41783 elementor-align-center elementor-widget elementor-widget-button\" data-id=\"6d41783\" data-element_type=\"widget\" data-widget_type=\"button.default\">\n\t\t\t\t<div class=\"elementor-widget-container\">\n\t\t\t\t\t\t\t\t\t<div class=\"elementor-button-wrapper\">\n\t\t\t\t\t<a class=\"elementor-button elementor-button-link elementor-size-sm elementor-animation-grow\" href=\"https:\/\/crai.uca.edu.sv\/wp-content\/uploads\/2024\/02\/form_compra_de_material.pdf\" target=\"_blank\">\n\t\t\t\t\t\t<span class=\"elementor-button-content-wrapper\">\n\t\t\t\t\t\t\t\t\t<span class=\"elementor-button-text\">Ver<\/span>\n\t\t\t\t\t<\/span>\n\t\t\t\t\t<\/a>\n\t\t\t\t<\/div>\n\t\t\t\t\t\t\t\t<\/div>\n\t\t\t\t<\/div>\n\t\t\t\t\t<\/div>\n\t\t\t\t<\/div>\n\t\t\t\t\t<\/div>\n\t\t\t\t<\/div>\n\t\t\t\t\t<\/div>\n\t\t\t\t<\/div>\n\t\t<div class=\"elementor-element elementor-element-165d931 e-flex e-con-boxed e-con e-parent\" data-id=\"165d931\" data-element_type=\"container\">\n\t\t\t\t\t<div class=\"e-con-inner\">\n\t\t<div class=\"elementor-element elementor-element-183257a e-flex e-con-boxed e-con e-child\" data-id=\"183257a\" data-element_type=\"container\">\n\t\t\t\t\t<div class=\"e-con-inner\">\n\t\t<div class=\"elementor-element elementor-element-1012ea2 e-con-full e-flex e-con e-child\" data-id=\"1012ea2\" data-element_type=\"container\">\n\t\t\t\t<div class=\"elementor-element elementor-element-29c565d elementor-icon-list--layout-traditional elementor-list-item-link-full_width elementor-widget elementor-widget-icon-list\" data-id=\"29c565d\" data-element_type=\"widget\" data-widget_type=\"icon-list.default\">\n\t\t\t\t<div class=\"elementor-widget-container\">\n\t\t\t\t\t\t\t<ul class=\"elementor-icon-list-items\">\n\t\t\t\t\t\t\t<li class=\"elementor-icon-list-item\">\n\t\t\t\t\t\t\t\t\t\t<span class=\"elementor-icon-list-text\">Solicitud de Canje de Material Bibliogr\u00e1fico<\/span>\n\t\t\t\t\t\t\t\t\t<\/li>\n\t\t\t\t\t\t<\/ul>\n\t\t\t\t\t\t<\/div>\n\t\t\t\t<\/div>\n\t\t\t\t<\/div>\n\t\t<div class=\"elementor-element elementor-element-8abdbee e-flex e-con-boxed e-con e-child\" data-id=\"8abdbee\" data-element_type=\"container\">\n\t\t\t\t\t<div class=\"e-con-inner\">\n\t\t\t\t<div class=\"elementor-element elementor-element-812b99c elementor-align-center elementor-widget elementor-widget-button\" data-id=\"812b99c\" data-element_type=\"widget\" data-widget_type=\"button.default\">\n\t\t\t\t<div class=\"elementor-widget-container\">\n\t\t\t\t\t\t\t\t\t<div class=\"elementor-button-wrapper\">\n\t\t\t\t\t<a class=\"elementor-button elementor-button-link elementor-size-sm elementor-animation-grow\" href=\"https:\/\/crai.uca.edu.sv\/wp-content\/uploads\/2026\/03\/BI-002-002-A-Solicitud-de-Convenio-de-Canje.docx.pdf\" target=\"_blank\">\n\t\t\t\t\t\t<span class=\"elementor-button-content-wrapper\">\n\t\t\t\t\t\t\t\t\t<span class=\"elementor-button-text\">Ver<\/span>\n\t\t\t\t\t<\/span>\n\t\t\t\t\t<\/a>\n\t\t\t\t<\/div>\n\t\t\t\t\t\t\t\t<\/div>\n\t\t\t\t<\/div>\n\t\t\t\t\t<\/div>\n\t\t\t\t<\/div>\n\t\t\t\t\t<\/div>\n\t\t\t\t<\/div>\n\t\t\t\t\t<\/div>\n\t\t\t\t<\/div>\n\t\t<div class=\"elementor-element elementor-element-82229f0 e-flex e-con-boxed e-con e-parent\" data-id=\"82229f0\" data-element_type=\"container\">\n\t\t\t\t\t<div class=\"e-con-inner\">\n\t\t<div class=\"elementor-element elementor-element-e36842a e-flex e-con-boxed e-con e-child\" data-id=\"e36842a\" data-element_type=\"container\">\n\t\t\t\t\t<div class=\"e-con-inner\">\n\t\t<div class=\"elementor-element elementor-element-d50d797 e-con-full e-flex e-con e-child\" data-id=\"d50d797\" data-element_type=\"container\">\n\t\t\t\t<div class=\"elementor-element elementor-element-4e375c8 elementor-icon-list--layout-traditional elementor-list-item-link-full_width elementor-widget elementor-widget-icon-list\" data-id=\"4e375c8\" data-element_type=\"widget\" data-widget_type=\"icon-list.default\">\n\t\t\t\t<div class=\"elementor-widget-container\">\n\t\t\t\t\t\t\t<ul class=\"elementor-icon-list-items\">\n\t\t\t\t\t\t\t<li class=\"elementor-icon-list-item\">\n\t\t\t\t\t\t\t\t\t\t<span class=\"elementor-icon-list-text\">Recepci\u00f3n de Donaci\u00f3n de Material Bibliogr\u00e1fico<\/span>\n\t\t\t\t\t\t\t\t\t<\/li>\n\t\t\t\t\t\t<\/ul>\n\t\t\t\t\t\t<\/div>\n\t\t\t\t<\/div>\n\t\t\t\t<\/div>\n\t\t<div class=\"elementor-element elementor-element-39fd662 e-flex e-con-boxed e-con e-child\" data-id=\"39fd662\" data-element_type=\"container\">\n\t\t\t\t\t<div class=\"e-con-inner\">\n\t\t\t\t<div class=\"elementor-element elementor-element-2d2e996 elementor-align-center elementor-widget elementor-widget-button\" data-id=\"2d2e996\" data-element_type=\"widget\" data-widget_type=\"button.default\">\n\t\t\t\t<div class=\"elementor-widget-container\">\n\t\t\t\t\t\t\t\t\t<div class=\"elementor-button-wrapper\">\n\t\t\t\t\t<a class=\"elementor-button elementor-button-link elementor-size-sm elementor-animation-grow\" href=\"https:\/\/crai.uca.edu.sv\/wp-content\/uploads\/2026\/03\/Formulario-Donaciones.pdf\" target=\"_blank\">\n\t\t\t\t\t\t<span class=\"elementor-button-content-wrapper\">\n\t\t\t\t\t\t\t\t\t<span class=\"elementor-button-text\">Ver<\/span>\n\t\t\t\t\t<\/span>\n\t\t\t\t\t<\/a>\n\t\t\t\t<\/div>\n\t\t\t\t\t\t\t\t<\/div>\n\t\t\t\t<\/div>\n\t\t\t\t\t<\/div>\n\t\t\t\t<\/div>\n\t\t\t\t\t<\/div>\n\t\t\t\t<\/div>\n\t\t\t\t\t<\/div>\n\t\t\t\t<\/div>\n\t\t<div class=\"elementor-element elementor-element-b49be39 e-flex e-con-boxed e-con e-parent\" data-id=\"b49be39\" data-element_type=\"container\">\n\t\t\t\t\t<div class=\"e-con-inner\">\n\t\t<div class=\"elementor-element elementor-element-91e163d e-flex e-con-boxed e-con e-child\" data-id=\"91e163d\" data-element_type=\"container\">\n\t\t\t\t\t<div class=\"e-con-inner\">\n\t\t<div class=\"elementor-element elementor-element-2b89708 e-con-full e-flex e-con e-child\" data-id=\"2b89708\" data-element_type=\"container\">\n\t\t\t\t<div class=\"elementor-element elementor-element-83df1ec elementor-icon-list--layout-traditional elementor-list-item-link-full_width elementor-widget elementor-widget-icon-list\" data-id=\"83df1ec\" data-element_type=\"widget\" data-widget_type=\"icon-list.default\">\n\t\t\t\t<div class=\"elementor-widget-container\">\n\t\t\t\t\t\t\t<ul class=\"elementor-icon-list-items\">\n\t\t\t\t\t\t\t<li class=\"elementor-icon-list-item\">\n\t\t\t\t\t\t\t\t\t\t<span class=\"elementor-icon-list-text\">T\u00edtulo para registro ISBN<\/span>\n\t\t\t\t\t\t\t\t\t<\/li>\n\t\t\t\t\t\t<\/ul>\n\t\t\t\t\t\t<\/div>\n\t\t\t\t<\/div>\n\t\t\t\t<\/div>\n\t\t<div class=\"elementor-element elementor-element-20526c3 e-flex e-con-boxed e-con e-child\" data-id=\"20526c3\" data-element_type=\"container\">\n\t\t\t\t\t<div class=\"e-con-inner\">\n\t\t\t\t<div class=\"elementor-element elementor-element-fa43d40 elementor-align-center elementor-widget elementor-widget-button\" data-id=\"fa43d40\" data-element_type=\"widget\" data-widget_type=\"button.default\">\n\t\t\t\t<div class=\"elementor-widget-container\">\n\t\t\t\t\t\t\t\t\t<div class=\"elementor-button-wrapper\">\n\t\t\t\t\t<a class=\"elementor-button elementor-button-link elementor-size-sm elementor-animation-grow\" href=\"https:\/\/crai.uca.edu.sv\/wp-content\/uploads\/2024\/02\/isbn.pdf\" target=\"_blank\">\n\t\t\t\t\t\t<span class=\"elementor-button-content-wrapper\">\n\t\t\t\t\t\t\t\t\t<span class=\"elementor-button-text\">Ver<\/span>\n\t\t\t\t\t<\/span>\n\t\t\t\t\t<\/a>\n\t\t\t\t<\/div>\n\t\t\t\t\t\t\t\t<\/div>\n\t\t\t\t<\/div>\n\t\t\t\t\t<\/div>\n\t\t\t\t<\/div>\n\t\t\t\t\t<\/div>\n\t\t\t\t<\/div>\n\t\t\t\t\t<\/div>\n\t\t\t\t<\/div>\n\t\t<div class=\"elementor-element elementor-element-aa9227b e-flex e-con-boxed e-con e-parent\" data-id=\"aa9227b\" data-element_type=\"container\">\n\t\t\t\t\t<div class=\"e-con-inner\">\n\t\t\t\t<div class=\"elementor-element elementor-element-71bcc04 elementor-widget elementor-widget-spacer\" data-id=\"71bcc04\" data-element_type=\"widget\" data-widget_type=\"spacer.default\">\n\t\t\t\t<div class=\"elementor-widget-container\">\n\t\t\t\t\t\t\t<div class=\"elementor-spacer\">\n\t\t\t<div class=\"elementor-spacer-inner\"><\/div>\n\t\t<\/div>\n\t\t\t\t\t\t<\/div>\n\t\t\t\t<\/div>\n\t\t\t\t\t<\/div>\n\t\t\t\t<\/div>\n\t\t\t\t<\/div>\n\t\t","protected":false},"excerpt":{"rendered":"<p>Formularios La Biblioteca \u00abP. Florentino Idoate, S.J.\u00bb cuenta con diversos servicios para todos los usuarios, para poder servirle de manera m\u00e1s adecuada, ponemos a su disposici\u00f3n los formularios para solicitar los diferentes servicios dentro de la Biblioteca. Actualizaci\u00f3n Bibliogr\u00e1fica de Planes de Estudio Ver Compra de Material Bibliogr\u00e1fico Ver Solicitud de Canje de Material Bibliogr\u00e1fico&hellip;<\/p>\n","protected":false},"author":1,"featured_media":0,"parent":0,"menu_order":0,"comment_status":"closed","ping_status":"closed","template":"","meta":{"footnotes":""},"class_list":["post-554","page","type-page","status-publish","hentry"],"yoast_head":"<!-- This site is optimized with the Yoast SEO plugin v24.9 - https:\/\/yoast.com\/wordpress\/plugins\/seo\/ -->\n<title>Formularios - Centro de Recursos para el Aprendizaje y la Investigaci\u00f3n P. Florentino Idoate, S.J.<\/title>\n<meta name=\"robots\" content=\"index, follow, max-snippet:-1, max-image-preview:large, max-video-preview:-1\" \/>\n<link rel=\"canonical\" href=\"https:\/\/crai.uca.edu.sv\/index.php\/formularios\/\" \/>\n<meta property=\"og:locale\" content=\"es_ES\" \/>\n<meta property=\"og:type\" content=\"article\" \/>\n<meta property=\"og:title\" content=\"Formularios - Centro de Recursos para el Aprendizaje y la Investigaci\u00f3n P. Florentino Idoate, S.J.\" \/>\n<meta property=\"og:description\" content=\"Formularios La Biblioteca \u00abP. Florentino Idoate, S.J.\u00bb cuenta con diversos servicios para todos los usuarios, para poder servirle de manera m\u00e1s adecuada, ponemos a su disposici\u00f3n los formularios para solicitar los diferentes servicios dentro de la Biblioteca. Actualizaci\u00f3n Bibliogr\u00e1fica de Planes de Estudio Ver Compra de Material Bibliogr\u00e1fico Ver Solicitud de Canje de Material Bibliogr\u00e1fico&hellip;\" \/>\n<meta property=\"og:url\" content=\"https:\/\/crai.uca.edu.sv\/index.php\/formularios\/\" \/>\n<meta property=\"og:site_name\" content=\"Centro de Recursos para el Aprendizaje y la Investigaci\u00f3n P. Florentino Idoate, S.J.\" \/>\n<meta property=\"article:modified_time\" content=\"2026-03-25T15:57:30+00:00\" \/>\n<meta name=\"twitter:card\" content=\"summary_large_image\" \/>\n<meta name=\"twitter:label1\" content=\"Tiempo de lectura\" \/>\n\t<meta name=\"twitter:data1\" content=\"1 minuto\" \/>\n<script type=\"application\/ld+json\" class=\"yoast-schema-graph\">{\"@context\":\"https:\/\/schema.org\",\"@graph\":[{\"@type\":\"WebPage\",\"@id\":\"https:\/\/crai.uca.edu.sv\/index.php\/formularios\/\",\"url\":\"https:\/\/crai.uca.edu.sv\/index.php\/formularios\/\",\"name\":\"Formularios - Centro de Recursos para el Aprendizaje y la Investigaci\u00f3n P. Florentino Idoate, S.J.\",\"isPartOf\":{\"@id\":\"https:\/\/crai.uca.edu.sv\/#website\"},\"datePublished\":\"2024-02-06T23:55:22+00:00\",\"dateModified\":\"2026-03-25T15:57:30+00:00\",\"breadcrumb\":{\"@id\":\"https:\/\/crai.uca.edu.sv\/index.php\/formularios\/#breadcrumb\"},\"inLanguage\":\"es\",\"potentialAction\":[{\"@type\":\"ReadAction\",\"target\":[\"https:\/\/crai.uca.edu.sv\/index.php\/formularios\/\"]}]},{\"@type\":\"BreadcrumbList\",\"@id\":\"https:\/\/crai.uca.edu.sv\/index.php\/formularios\/#breadcrumb\",\"itemListElement\":[{\"@type\":\"ListItem\",\"position\":1,\"name\":\"Portada\",\"item\":\"https:\/\/crai.uca.edu.sv\/\"},{\"@type\":\"ListItem\",\"position\":2,\"name\":\"Formularios\"}]},{\"@type\":\"WebSite\",\"@id\":\"https:\/\/crai.uca.edu.sv\/#website\",\"url\":\"https:\/\/crai.uca.edu.sv\/\",\"name\":\"Centro de Recursos para el Aprendizaje y la Investigaci\u00f3n P. Florentino Idoate, S.J.\",\"description\":\"Sitio web del CRAI UCA\",\"publisher\":{\"@id\":\"https:\/\/crai.uca.edu.sv\/#organization\"},\"potentialAction\":[{\"@type\":\"SearchAction\",\"target\":{\"@type\":\"EntryPoint\",\"urlTemplate\":\"https:\/\/crai.uca.edu.sv\/?s={search_term_string}\"},\"query-input\":{\"@type\":\"PropertyValueSpecification\",\"valueRequired\":true,\"valueName\":\"search_term_string\"}}],\"inLanguage\":\"es\"},{\"@type\":\"Organization\",\"@id\":\"https:\/\/crai.uca.edu.sv\/#organization\",\"name\":\"Centro de Recursos para el Aprendizaje y la Investigaci\u00f3n P. Florentino Idoate, S.J.\",\"url\":\"https:\/\/crai.uca.edu.sv\/\",\"logo\":{\"@type\":\"ImageObject\",\"inLanguage\":\"es\",\"@id\":\"https:\/\/crai.uca.edu.sv\/#\/schema\/logo\/image\/\",\"url\":\"https:\/\/crai.uca.edu.sv\/wp-content\/uploads\/2024\/02\/cropped-logo-uca-Video-1.png\",\"contentUrl\":\"https:\/\/crai.uca.edu.sv\/wp-content\/uploads\/2024\/02\/cropped-logo-uca-Video-1.png\",\"width\":512,\"height\":512,\"caption\":\"Centro de Recursos para el Aprendizaje y la Investigaci\u00f3n P. Florentino Idoate, S.J.\"},\"image\":{\"@id\":\"https:\/\/crai.uca.edu.sv\/#\/schema\/logo\/image\/\"}}]}<\/script>\n<!-- \/ Yoast SEO plugin. -->","yoast_head_json":{"title":"Formularios - Centro de Recursos para el Aprendizaje y la Investigaci\u00f3n P. Florentino Idoate, S.J.","robots":{"index":"index","follow":"follow","max-snippet":"max-snippet:-1","max-image-preview":"max-image-preview:large","max-video-preview":"max-video-preview:-1"},"canonical":"https:\/\/crai.uca.edu.sv\/index.php\/formularios\/","og_locale":"es_ES","og_type":"article","og_title":"Formularios - Centro de Recursos para el Aprendizaje y la Investigaci\u00f3n P. Florentino Idoate, S.J.","og_description":"Formularios La Biblioteca \u00abP. Florentino Idoate, S.J.\u00bb cuenta con diversos servicios para todos los usuarios, para poder servirle de manera m\u00e1s adecuada, ponemos a su disposici\u00f3n los formularios para solicitar los diferentes servicios dentro de la Biblioteca. Actualizaci\u00f3n Bibliogr\u00e1fica de Planes de Estudio Ver Compra de Material Bibliogr\u00e1fico Ver Solicitud de Canje de Material Bibliogr\u00e1fico&hellip;","og_url":"https:\/\/crai.uca.edu.sv\/index.php\/formularios\/","og_site_name":"Centro de Recursos para el Aprendizaje y la Investigaci\u00f3n P. Florentino Idoate, S.J.","article_modified_time":"2026-03-25T15:57:30+00:00","twitter_card":"summary_large_image","twitter_misc":{"Tiempo de lectura":"1 minuto"},"schema":{"@context":"https:\/\/schema.org","@graph":[{"@type":"WebPage","@id":"https:\/\/crai.uca.edu.sv\/index.php\/formularios\/","url":"https:\/\/crai.uca.edu.sv\/index.php\/formularios\/","name":"Formularios - Centro de Recursos para el Aprendizaje y la Investigaci\u00f3n P. Florentino Idoate, S.J.","isPartOf":{"@id":"https:\/\/crai.uca.edu.sv\/#website"},"datePublished":"2024-02-06T23:55:22+00:00","dateModified":"2026-03-25T15:57:30+00:00","breadcrumb":{"@id":"https:\/\/crai.uca.edu.sv\/index.php\/formularios\/#breadcrumb"},"inLanguage":"es","potentialAction":[{"@type":"ReadAction","target":["https:\/\/crai.uca.edu.sv\/index.php\/formularios\/"]}]},{"@type":"BreadcrumbList","@id":"https:\/\/crai.uca.edu.sv\/index.php\/formularios\/#breadcrumb","itemListElement":[{"@type":"ListItem","position":1,"name":"Portada","item":"https:\/\/crai.uca.edu.sv\/"},{"@type":"ListItem","position":2,"name":"Formularios"}]},{"@type":"WebSite","@id":"https:\/\/crai.uca.edu.sv\/#website","url":"https:\/\/crai.uca.edu.sv\/","name":"Centro de Recursos para el Aprendizaje y la Investigaci\u00f3n P. Florentino Idoate, S.J.","description":"Sitio web del CRAI UCA","publisher":{"@id":"https:\/\/crai.uca.edu.sv\/#organization"},"potentialAction":[{"@type":"SearchAction","target":{"@type":"EntryPoint","urlTemplate":"https:\/\/crai.uca.edu.sv\/?s={search_term_string}"},"query-input":{"@type":"PropertyValueSpecification","valueRequired":true,"valueName":"search_term_string"}}],"inLanguage":"es"},{"@type":"Organization","@id":"https:\/\/crai.uca.edu.sv\/#organization","name":"Centro de Recursos para el Aprendizaje y la Investigaci\u00f3n P. Florentino Idoate, S.J.","url":"https:\/\/crai.uca.edu.sv\/","logo":{"@type":"ImageObject","inLanguage":"es","@id":"https:\/\/crai.uca.edu.sv\/#\/schema\/logo\/image\/","url":"https:\/\/crai.uca.edu.sv\/wp-content\/uploads\/2024\/02\/cropped-logo-uca-Video-1.png","contentUrl":"https:\/\/crai.uca.edu.sv\/wp-content\/uploads\/2024\/02\/cropped-logo-uca-Video-1.png","width":512,"height":512,"caption":"Centro de Recursos para el Aprendizaje y la Investigaci\u00f3n P. Florentino Idoate, S.J."},"image":{"@id":"https:\/\/crai.uca.edu.sv\/#\/schema\/logo\/image\/"}}]}},"_links":{"self":[{"href":"https:\/\/crai.uca.edu.sv\/index.php\/wp-json\/wp\/v2\/pages\/554","targetHints":{"allow":["GET"]}}],"collection":[{"href":"https:\/\/crai.uca.edu.sv\/index.php\/wp-json\/wp\/v2\/pages"}],"about":[{"href":"https:\/\/crai.uca.edu.sv\/index.php\/wp-json\/wp\/v2\/types\/page"}],"author":[{"embeddable":true,"href":"https:\/\/crai.uca.edu.sv\/index.php\/wp-json\/wp\/v2\/users\/1"}],"replies":[{"embeddable":true,"href":"https:\/\/crai.uca.edu.sv\/index.php\/wp-json\/wp\/v2\/comments?post=554"}],"version-history":[{"count":37,"href":"https:\/\/crai.uca.edu.sv\/index.php\/wp-json\/wp\/v2\/pages\/554\/revisions"}],"predecessor-version":[{"id":3668,"href":"https:\/\/crai.uca.edu.sv\/index.php\/wp-json\/wp\/v2\/pages\/554\/revisions\/3668"}],"wp:attachment":[{"href":"https:\/\/crai.uca.edu.sv\/index.php\/wp-json\/wp\/v2\/media?parent=554"}],"curies":[{"name":"wp","href":"https:\/\/api.w.org\/{rel}","templated":true}]}}