{"id":3325,"date":"2025-09-03T18:40:03","date_gmt":"2025-09-03T18:40:03","guid":{"rendered":"https:\/\/crai.uca.edu.sv\/?page_id=3325"},"modified":"2025-09-04T20:59:24","modified_gmt":"2025-09-04T20:59:24","slug":"aranceles","status":"publish","type":"page","link":"https:\/\/crai.uca.edu.sv\/index.php\/aranceles\/","title":{"rendered":"Aranceles"},"content":{"rendered":"\t\t<div data-elementor-type=\"wp-page\" data-elementor-id=\"3325\" class=\"elementor elementor-3325\" data-elementor-post-type=\"page\">\n\t\t\t\t\t\t<section class=\"elementor-section elementor-top-section elementor-element elementor-element-ec20789 elementor-section-content-middle elementor-section-boxed elementor-section-height-default elementor-section-height-default\" data-id=\"ec20789\" data-element_type=\"section\" data-settings=\"{&quot;background_background&quot;:&quot;classic&quot;}\">\n\t\t\t\t\t\t\t<div class=\"elementor-background-overlay\"><\/div>\n\t\t\t\t\t\t\t<div class=\"elementor-container elementor-column-gap-no\">\n\t\t\t\t\t<div class=\"elementor-column elementor-col-100 elementor-top-column elementor-element elementor-element-9409955\" data-id=\"9409955\" data-element_type=\"column\">\n\t\t\t<div class=\"elementor-widget-wrap elementor-element-populated\">\n\t\t\t\t\t\t<div class=\"elementor-element elementor-element-20092e23 elementor-widget elementor-widget-heading\" data-id=\"20092e23\" data-element_type=\"widget\" data-widget_type=\"heading.default\">\n\t\t\t\t<div class=\"elementor-widget-container\">\n\t\t\t\t\t<h1 class=\"elementor-heading-title elementor-size-default\">Aranceles<\/h1>\t\t\t\t<\/div>\n\t\t\t\t<\/div>\n\t\t\t\t\t<\/div>\n\t\t<\/div>\n\t\t\t\t\t<\/div>\n\t\t<\/section>\n\t\t<div class=\"elementor-element elementor-element-08ddc04 e-flex e-con-boxed e-con e-parent\" data-id=\"08ddc04\" data-element_type=\"container\">\n\t\t\t\t\t<div class=\"e-con-inner\">\n\t\t\t\t<div class=\"elementor-element elementor-element-9540259 elementor-widget elementor-widget-spacer\" data-id=\"9540259\" data-element_type=\"widget\" data-widget_type=\"spacer.default\">\n\t\t\t\t<div class=\"elementor-widget-container\">\n\t\t\t\t\t\t\t<div class=\"elementor-spacer\">\n\t\t\t<div class=\"elementor-spacer-inner\"><\/div>\n\t\t<\/div>\n\t\t\t\t\t\t<\/div>\n\t\t\t\t<\/div>\n\t\t\t\t\t<\/div>\n\t\t\t\t<\/div>\n\t\t<div class=\"elementor-element elementor-element-da4be79 e-flex e-con-boxed e-con e-parent\" data-id=\"da4be79\" data-element_type=\"container\">\n\t\t\t\t\t<div class=\"e-con-inner\">\n\t\t\t\t<div class=\"elementor-element elementor-element-4c37216 elementor-widget elementor-widget-html\" data-id=\"4c37216\" data-element_type=\"widget\" data-widget_type=\"html.default\">\n\t\t\t\t<div class=\"elementor-widget-container\">\n\t\t\t\t\t<!DOCTYPE html>\n<html lang=\"es\">\n  <head>\n    <meta charset=\"UTF-8\" \/>\n    <title>Tabla de Precios y Servicios<\/title>\n    <style>\n      body {\n        font-family: \"Segoe UI\", Arial, sans-serif;\n        background-color: #f9f9f9;\n       \n        color: #333;\n      }\n      h1 {\n        text-align: center;\n        color: #003c71;\n        margin-bottom: 30px;\n      }\n      .tabla-container {\n        margin-bottom: 40px;\n        border-radius: 10px;\n        overflow: hidden;\n        box-shadow: 0 4px 10px rgba(0, 0, 0, 0.05);\n        background: #fff;\n      }\n      .titulo-categoria {\n        background-color: #003c71;\n        color: white;\n        text-align: center;\n        font-weight: bold;\n        padding: 12px;\n        font-size: 16px;\n        text-transform: uppercase;\n      }\n      table {\n        width: 100%;\n        border-collapse: collapse;\n        table-layout: fixed; \/* asegura que respete los porcentajes *\/\n      }\n      th {\n        background-color: #003c71;\n        color: white;\n        text-align: left;\n        padding: 12px 16px;\n        font-size: 14px;\n      }\n      th:nth-child(1),\n      td:nth-child(1) {\n        width: 45%;\n      }\n      th:nth-child(2),\n      td:nth-child(2) {\n        width: 30%;\n      }\n      th:nth-child(3),\n      td:nth-child(3) {\n        width: 25%;\n      }\n      td {\n        padding: 12px 16px;\n        border-bottom: 1px solid #eee;\n        font-size: 14px;\n        vertical-align: top;\n      }\n      tr:nth-child(even) {\n        background-color: #f6f9fc;\n      }\n      .precio {\n        color: #003c71;\n        font-weight: bold;\n      }\n    <\/style>\n  <\/head>\n  <body>\n    \n    <!-- Tabla 1: Multas -->\n    <div class=\"tabla-container\">\n      <div class=\"titulo-categoria\">Multas<\/div>\n      <table>\n        <tr>\n          <th>Nombre del tr\u00e1mite<\/th>\n          <th>Observaciones<\/th>\n          <th>Precio<\/th>\n        <\/tr>\n        <tr>\n          <td>Multa por mora en monograf\u00edas o seriados: Colecci\u00f3n General, Juventud, Reserva (domicilio con aprobaci\u00f3n),\n            Colecci\u00f3n Salvadore\u00f1a, M\u00fasica, Hemeroteca <\/td>\n          <td>Por d\u00eda<\/td>\n          <td class=\"precio\">$0.50<\/td>\n        <\/tr>\n        <tr>\n          <td>Multa por mora en Colecci\u00f3n Reserva para t\u00edtulos prestados en sala<\/td>\n          <td>por hora o fracci\u00f3n<\/td>\n          <td class=\"precio\">$0.50<\/td>\n        <\/tr>\n        <tr>\n          <td>Reposici\u00f3n de material bibliogr\u00e1fico: Librario y no librario<\/td>\n          <td>M\u00ednimo <\/td>\n          <td class=\"precio\">$34.30<\/td>\n        <\/tr>\n        <tr>\n          <td>Flete por importaci\u00f3n de material perdido: Librario y no librario<\/td>\n          <td>M\u00ednimo o seg\u00fan costo<\/td>\n          <td class=\"precio\">$20.00<\/td>\n        <\/tr>\n        <tr>\n          <td>Recatalogaci\u00f3n de material bibliogr\u00e1fico<\/td>\n          <td>Por libro<\/td>\n          <td class=\"precio\">$5.75<\/td>\n        <\/tr>\n        <tr>\n          <td>Empastado de monograf\u00eda<\/td>\n          <td>Por libro<\/td>\n          <td class=\"precio\">$5.75<\/td>\n        <\/tr>\n        <tr>\n          <td>Empastado de seriado<\/td>\n          <td>Por revista<\/td>\n          <td class=\"precio\">$11.45<\/td>\n        <\/tr>\n        <tr>\n          <td>Multa por mora en entrega de videos<\/td>\n          <td>por d\u00eda<\/td>\n          <td class=\"precio\">$1.00<\/td>\n        <\/tr>\n        <tr>\n          <td>Da\u00f1o de maquinaria<\/td>\n          <td>M\u00ednimo<\/td>\n          <td class=\"precio\">$34.30<\/td>\n        <\/tr>\n        <tr>\n          <td>Reposici\u00f3n de ficha y llave de casillero<\/td>\n          <td>\u2014<\/td>\n          <td class=\"precio\">$5.00<\/td>\n        <\/tr>\n      <\/table>\n    <\/div>\n    <!-- Tabla 2: Servicios -->\n    <div class=\"tabla-container\">\n      <div class=\"titulo-categoria\">Servicios<\/div>\n      <table>\n        <tr>\n          <th>Nombre del tr\u00e1mite<\/th>\n          <th>Observaciones<\/th>\n          <th>Precio<\/th>\n        <\/tr>\n        <tr>\n          <td>Escaneo de documentos<\/td>\n          <td>Por p\u00e1gina<\/td>\n          <td class=\"precio\">$0.05<\/td>\n        <\/tr>\n        <tr>\n          <td>Emisi\u00f3n de carn\u00e9 para estudiantes de instituciones nacionales<\/td>\n          <td>Vigencia un mes<\/td>\n          <td class=\"precio\">$2.00<\/td>\n        <\/tr>\n        <tr>\n          <td>Emisi\u00f3n de carn\u00e9 para estudiantes de instituciones privadas<\/td>\n          <td>Vigencia un mes<\/td>\n          <td class=\"precio\">$3.00<\/td>\n        <\/tr>\n        <tr>\n          <td>Emisi\u00f3n de carn\u00e9 para investigadores privados<\/td>\n          <td>Vigencia seis meses \/ Vigencia un mes<\/td>\n          <td class=\"precio\">$26.00 \/ $5.00<\/td>\n        <\/tr>\n        <tr>\n          <td>Escaneo y edici\u00f3n de documentos hist\u00f3ricos (Normalizado bajo PDF\/A-2b, ISO 19005-2:2011)<\/td>\n          <td>Por p\u00e1gina<\/td>\n          <td class=\"precio\">$1.80<\/td>\n        <\/tr>\n        <tr>\n          <td>Reproducciones y fotocopias, tama\u00f1o carta, B\/N<\/td>\n          <td>Por p\u00e1gina<\/td>\n          <td class=\"precio\">$0.03<\/td>\n        <\/tr>\n        <tr>\n            <td>Reproducciones y fotocopias, tama\u00f1o oficio, B\/N<\/td>\n            <td>Por p\u00e1gina<\/td>\n            <td class=\"precio\">$0.04<\/td>\n          <\/tr>\n        <tr>\n          <td>Impresi\u00f3n, p\u00e1gina tama\u00f1o carta, B\/N<\/td>\n          <td>Por p\u00e1gina<\/td>\n          <td class=\"precio\">$0.05<\/td>\n        <\/tr>\n        <tr>\n            <td>Impresi\u00f3n, p\u00e1gina tama\u00f1o oficio, B\/N<\/td>\n            <td>Por p\u00e1gina<\/td>\n            <td class=\"precio\">$0.10<\/td>\n          <\/tr>\n        <tr>\n          <td>Ficha catalogr\u00e1fica<\/td>\n          <td>Por p\u00e1gina<\/td>\n          <td class=\"precio\">$15.00<\/td>\n        <\/tr>\n        <tr>\n          <td>Ampliaci\u00f3n de DUI<\/td>\n          <td>Por p\u00e1gina<\/td>\n          <td class=\"precio\">$0.40<\/td>\n        <\/tr>\n        <tr>\n          <td>Empastado de monograf\u00eda por da\u00f1o total<\/td>\n          <td>Por libro<\/td>\n          <td class=\"precio\">$10.00<\/td>\n        <\/tr>\n      <\/table>\n    <\/div>\n  <\/body>\n<\/html>\n\t\t\t\t<\/div>\n\t\t\t\t<\/div>\n\t\t\t\t\t<\/div>\n\t\t\t\t<\/div>\n\t\t\t\t<\/div>\n\t\t","protected":false},"excerpt":{"rendered":"<p>Aranceles Tabla de Precios y Servicios Multas Nombre del tr\u00e1mite Observaciones Precio Multa por mora en monograf\u00edas o seriados: Colecci\u00f3n General, Juventud, Reserva (domicilio con aprobaci\u00f3n), Colecci\u00f3n Salvadore\u00f1a, M\u00fasica, Hemeroteca Por d\u00eda $0.50 Multa por mora en Colecci\u00f3n Reserva para t\u00edtulos prestados en sala por hora o fracci\u00f3n $0.50 Reposici\u00f3n de material bibliogr\u00e1fico: Librario y&hellip;<\/p>\n","protected":false},"author":1,"featured_media":0,"parent":0,"menu_order":0,"comment_status":"closed","ping_status":"closed","template":"elementor_header_footer","meta":{"footnotes":""},"class_list":["post-3325","page","type-page","status-publish","hentry"],"yoast_head":"<!-- This site is optimized with the Yoast SEO plugin v24.9 - https:\/\/yoast.com\/wordpress\/plugins\/seo\/ -->\n<title>Aranceles - Centro de Recursos para el Aprendizaje y la Investigaci\u00f3n P. Florentino Idoate, S.J.<\/title>\n<meta name=\"robots\" content=\"index, follow, max-snippet:-1, max-image-preview:large, max-video-preview:-1\" \/>\n<link rel=\"canonical\" href=\"https:\/\/crai.uca.edu.sv\/index.php\/aranceles\/\" \/>\n<meta property=\"og:locale\" content=\"es_ES\" \/>\n<meta property=\"og:type\" content=\"article\" \/>\n<meta property=\"og:title\" content=\"Aranceles - Centro de Recursos para el Aprendizaje y la Investigaci\u00f3n P. Florentino Idoate, S.J.\" \/>\n<meta property=\"og:description\" content=\"Aranceles Tabla de Precios y Servicios Multas Nombre del tr\u00e1mite Observaciones Precio Multa por mora en monograf\u00edas o seriados: Colecci\u00f3n General, Juventud, Reserva (domicilio con aprobaci\u00f3n), Colecci\u00f3n Salvadore\u00f1a, M\u00fasica, Hemeroteca Por d\u00eda $0.50 Multa por mora en Colecci\u00f3n Reserva para t\u00edtulos prestados en sala por hora o fracci\u00f3n $0.50 Reposici\u00f3n de material bibliogr\u00e1fico: Librario y&hellip;\" \/>\n<meta property=\"og:url\" content=\"https:\/\/crai.uca.edu.sv\/index.php\/aranceles\/\" \/>\n<meta property=\"og:site_name\" content=\"Centro de Recursos para el Aprendizaje y la Investigaci\u00f3n P. Florentino Idoate, S.J.\" \/>\n<meta property=\"article:modified_time\" content=\"2025-09-04T20:59:24+00:00\" \/>\n<meta name=\"twitter:card\" content=\"summary_large_image\" \/>\n<meta name=\"twitter:label1\" content=\"Tiempo de lectura\" \/>\n\t<meta name=\"twitter:data1\" content=\"2 minutos\" \/>\n<script type=\"application\/ld+json\" class=\"yoast-schema-graph\">{\"@context\":\"https:\/\/schema.org\",\"@graph\":[{\"@type\":\"WebPage\",\"@id\":\"https:\/\/crai.uca.edu.sv\/index.php\/aranceles\/\",\"url\":\"https:\/\/crai.uca.edu.sv\/index.php\/aranceles\/\",\"name\":\"Aranceles - Centro de Recursos para el Aprendizaje y la Investigaci\u00f3n P. Florentino Idoate, S.J.\",\"isPartOf\":{\"@id\":\"https:\/\/crai.uca.edu.sv\/#website\"},\"datePublished\":\"2025-09-03T18:40:03+00:00\",\"dateModified\":\"2025-09-04T20:59:24+00:00\",\"breadcrumb\":{\"@id\":\"https:\/\/crai.uca.edu.sv\/index.php\/aranceles\/#breadcrumb\"},\"inLanguage\":\"es\",\"potentialAction\":[{\"@type\":\"ReadAction\",\"target\":[\"https:\/\/crai.uca.edu.sv\/index.php\/aranceles\/\"]}]},{\"@type\":\"BreadcrumbList\",\"@id\":\"https:\/\/crai.uca.edu.sv\/index.php\/aranceles\/#breadcrumb\",\"itemListElement\":[{\"@type\":\"ListItem\",\"position\":1,\"name\":\"Portada\",\"item\":\"https:\/\/crai.uca.edu.sv\/\"},{\"@type\":\"ListItem\",\"position\":2,\"name\":\"Aranceles\"}]},{\"@type\":\"WebSite\",\"@id\":\"https:\/\/crai.uca.edu.sv\/#website\",\"url\":\"https:\/\/crai.uca.edu.sv\/\",\"name\":\"Centro de Recursos para el Aprendizaje y la Investigaci\u00f3n P. Florentino Idoate, S.J.\",\"description\":\"Sitio web del CRAI UCA\",\"publisher\":{\"@id\":\"https:\/\/crai.uca.edu.sv\/#organization\"},\"potentialAction\":[{\"@type\":\"SearchAction\",\"target\":{\"@type\":\"EntryPoint\",\"urlTemplate\":\"https:\/\/crai.uca.edu.sv\/?s={search_term_string}\"},\"query-input\":{\"@type\":\"PropertyValueSpecification\",\"valueRequired\":true,\"valueName\":\"search_term_string\"}}],\"inLanguage\":\"es\"},{\"@type\":\"Organization\",\"@id\":\"https:\/\/crai.uca.edu.sv\/#organization\",\"name\":\"Centro de Recursos para el Aprendizaje y la Investigaci\u00f3n P. Florentino Idoate, S.J.\",\"url\":\"https:\/\/crai.uca.edu.sv\/\",\"logo\":{\"@type\":\"ImageObject\",\"inLanguage\":\"es\",\"@id\":\"https:\/\/crai.uca.edu.sv\/#\/schema\/logo\/image\/\",\"url\":\"https:\/\/crai.uca.edu.sv\/wp-content\/uploads\/2024\/02\/cropped-logo-uca-Video-1.png\",\"contentUrl\":\"https:\/\/crai.uca.edu.sv\/wp-content\/uploads\/2024\/02\/cropped-logo-uca-Video-1.png\",\"width\":512,\"height\":512,\"caption\":\"Centro de Recursos para el Aprendizaje y la Investigaci\u00f3n P. Florentino Idoate, S.J.\"},\"image\":{\"@id\":\"https:\/\/crai.uca.edu.sv\/#\/schema\/logo\/image\/\"}}]}<\/script>\n<!-- \/ Yoast SEO plugin. -->","yoast_head_json":{"title":"Aranceles - Centro de Recursos para el Aprendizaje y la Investigaci\u00f3n P. Florentino Idoate, S.J.","robots":{"index":"index","follow":"follow","max-snippet":"max-snippet:-1","max-image-preview":"max-image-preview:large","max-video-preview":"max-video-preview:-1"},"canonical":"https:\/\/crai.uca.edu.sv\/index.php\/aranceles\/","og_locale":"es_ES","og_type":"article","og_title":"Aranceles - Centro de Recursos para el Aprendizaje y la Investigaci\u00f3n P. Florentino Idoate, S.J.","og_description":"Aranceles Tabla de Precios y Servicios Multas Nombre del tr\u00e1mite Observaciones Precio Multa por mora en monograf\u00edas o seriados: Colecci\u00f3n General, Juventud, Reserva (domicilio con aprobaci\u00f3n), Colecci\u00f3n Salvadore\u00f1a, M\u00fasica, Hemeroteca Por d\u00eda $0.50 Multa por mora en Colecci\u00f3n Reserva para t\u00edtulos prestados en sala por hora o fracci\u00f3n $0.50 Reposici\u00f3n de material bibliogr\u00e1fico: Librario y&hellip;","og_url":"https:\/\/crai.uca.edu.sv\/index.php\/aranceles\/","og_site_name":"Centro de Recursos para el Aprendizaje y la Investigaci\u00f3n P. Florentino Idoate, S.J.","article_modified_time":"2025-09-04T20:59:24+00:00","twitter_card":"summary_large_image","twitter_misc":{"Tiempo de lectura":"2 minutos"},"schema":{"@context":"https:\/\/schema.org","@graph":[{"@type":"WebPage","@id":"https:\/\/crai.uca.edu.sv\/index.php\/aranceles\/","url":"https:\/\/crai.uca.edu.sv\/index.php\/aranceles\/","name":"Aranceles - Centro de Recursos para el Aprendizaje y la Investigaci\u00f3n P. Florentino Idoate, S.J.","isPartOf":{"@id":"https:\/\/crai.uca.edu.sv\/#website"},"datePublished":"2025-09-03T18:40:03+00:00","dateModified":"2025-09-04T20:59:24+00:00","breadcrumb":{"@id":"https:\/\/crai.uca.edu.sv\/index.php\/aranceles\/#breadcrumb"},"inLanguage":"es","potentialAction":[{"@type":"ReadAction","target":["https:\/\/crai.uca.edu.sv\/index.php\/aranceles\/"]}]},{"@type":"BreadcrumbList","@id":"https:\/\/crai.uca.edu.sv\/index.php\/aranceles\/#breadcrumb","itemListElement":[{"@type":"ListItem","position":1,"name":"Portada","item":"https:\/\/crai.uca.edu.sv\/"},{"@type":"ListItem","position":2,"name":"Aranceles"}]},{"@type":"WebSite","@id":"https:\/\/crai.uca.edu.sv\/#website","url":"https:\/\/crai.uca.edu.sv\/","name":"Centro de Recursos para el Aprendizaje y la Investigaci\u00f3n P. Florentino Idoate, S.J.","description":"Sitio web del CRAI UCA","publisher":{"@id":"https:\/\/crai.uca.edu.sv\/#organization"},"potentialAction":[{"@type":"SearchAction","target":{"@type":"EntryPoint","urlTemplate":"https:\/\/crai.uca.edu.sv\/?s={search_term_string}"},"query-input":{"@type":"PropertyValueSpecification","valueRequired":true,"valueName":"search_term_string"}}],"inLanguage":"es"},{"@type":"Organization","@id":"https:\/\/crai.uca.edu.sv\/#organization","name":"Centro de Recursos para el Aprendizaje y la Investigaci\u00f3n P. Florentino Idoate, S.J.","url":"https:\/\/crai.uca.edu.sv\/","logo":{"@type":"ImageObject","inLanguage":"es","@id":"https:\/\/crai.uca.edu.sv\/#\/schema\/logo\/image\/","url":"https:\/\/crai.uca.edu.sv\/wp-content\/uploads\/2024\/02\/cropped-logo-uca-Video-1.png","contentUrl":"https:\/\/crai.uca.edu.sv\/wp-content\/uploads\/2024\/02\/cropped-logo-uca-Video-1.png","width":512,"height":512,"caption":"Centro de Recursos para el Aprendizaje y la Investigaci\u00f3n P. Florentino Idoate, S.J."},"image":{"@id":"https:\/\/crai.uca.edu.sv\/#\/schema\/logo\/image\/"}}]}},"_links":{"self":[{"href":"https:\/\/crai.uca.edu.sv\/index.php\/wp-json\/wp\/v2\/pages\/3325","targetHints":{"allow":["GET"]}}],"collection":[{"href":"https:\/\/crai.uca.edu.sv\/index.php\/wp-json\/wp\/v2\/pages"}],"about":[{"href":"https:\/\/crai.uca.edu.sv\/index.php\/wp-json\/wp\/v2\/types\/page"}],"author":[{"embeddable":true,"href":"https:\/\/crai.uca.edu.sv\/index.php\/wp-json\/wp\/v2\/users\/1"}],"replies":[{"embeddable":true,"href":"https:\/\/crai.uca.edu.sv\/index.php\/wp-json\/wp\/v2\/comments?post=3325"}],"version-history":[{"count":14,"href":"https:\/\/crai.uca.edu.sv\/index.php\/wp-json\/wp\/v2\/pages\/3325\/revisions"}],"predecessor-version":[{"id":3350,"href":"https:\/\/crai.uca.edu.sv\/index.php\/wp-json\/wp\/v2\/pages\/3325\/revisions\/3350"}],"wp:attachment":[{"href":"https:\/\/crai.uca.edu.sv\/index.php\/wp-json\/wp\/v2\/media?parent=3325"}],"curies":[{"name":"wp","href":"https:\/\/api.w.org\/{rel}","templated":true}]}}