{"id":3260,"date":"2025-07-16T22:55:18","date_gmt":"2025-07-16T22:55:18","guid":{"rendered":"https:\/\/crai.uca.edu.sv\/?page_id=3260"},"modified":"2025-07-17T15:34:35","modified_gmt":"2025-07-17T15:34:35","slug":"identbibliografico","status":"publish","type":"page","link":"https:\/\/crai.uca.edu.sv\/index.php\/identbibliografico\/","title":{"rendered":"IdentificadoresBibliograficos"},"content":{"rendered":"\t\t<div data-elementor-type=\"wp-page\" data-elementor-id=\"3260\" class=\"elementor elementor-3260\" data-elementor-post-type=\"page\">\n\t\t\t\t\t\t<section class=\"elementor-section elementor-top-section elementor-element elementor-element-79093a97 elementor-section-content-middle elementor-section-boxed elementor-section-height-default elementor-section-height-default\" data-id=\"79093a97\" data-element_type=\"section\" data-settings=\"{&quot;background_background&quot;:&quot;classic&quot;}\">\n\t\t\t\t\t\t\t<div class=\"elementor-background-overlay\"><\/div>\n\t\t\t\t\t\t\t<div class=\"elementor-container elementor-column-gap-no\">\n\t\t\t\t\t<div class=\"elementor-column elementor-col-100 elementor-top-column elementor-element elementor-element-90fddcd\" data-id=\"90fddcd\" data-element_type=\"column\">\n\t\t\t<div class=\"elementor-widget-wrap elementor-element-populated\">\n\t\t\t\t\t\t<div class=\"elementor-element elementor-element-456ffb70 elementor-widget elementor-widget-heading\" data-id=\"456ffb70\" data-element_type=\"widget\" data-widget_type=\"heading.default\">\n\t\t\t\t<div class=\"elementor-widget-container\">\n\t\t\t\t\t<h1 class=\"elementor-heading-title elementor-size-default\">Identificadores bibliogr\u00e1ficos<\/h1>\t\t\t\t<\/div>\n\t\t\t\t<\/div>\n\t\t\t\t\t<\/div>\n\t\t<\/div>\n\t\t\t\t\t<\/div>\n\t\t<\/section>\n\t\t<div class=\"elementor-element elementor-element-a1f978a e-flex e-con-boxed e-con e-parent\" data-id=\"a1f978a\" data-element_type=\"container\">\n\t\t\t\t\t<div class=\"e-con-inner\">\n\t\t\t\t<div class=\"elementor-element elementor-element-6f3598b elementor-widget elementor-widget-spacer\" data-id=\"6f3598b\" data-element_type=\"widget\" data-widget_type=\"spacer.default\">\n\t\t\t\t<div class=\"elementor-widget-container\">\n\t\t\t\t\t\t\t<div class=\"elementor-spacer\">\n\t\t\t<div class=\"elementor-spacer-inner\"><\/div>\n\t\t<\/div>\n\t\t\t\t\t\t<\/div>\n\t\t\t\t<\/div>\n\t\t\t\t\t<\/div>\n\t\t\t\t<\/div>\n\t\t<div class=\"elementor-element elementor-element-1b352f0 e-con-full e-flex e-con e-parent\" data-id=\"1b352f0\" data-element_type=\"container\">\n\t\t<div class=\"elementor-element elementor-element-d466d0f e-con-full e-flex e-con e-child\" data-id=\"d466d0f\" data-element_type=\"container\">\n\t\t<div class=\"elementor-element elementor-element-d386caa e-con-full e-flex e-con e-child\" data-id=\"d386caa\" data-element_type=\"container\">\n\t\t\t\t<div class=\"elementor-element elementor-element-a29036c elementor-widget elementor-widget-image\" data-id=\"a29036c\" data-element_type=\"widget\" data-widget_type=\"image.default\">\n\t\t\t\t<div class=\"elementor-widget-container\">\n\t\t\t\t\t\t\t\t\t\t\t\t\t\t\t\t<a href=\"https:\/\/uca-sv.libguides.com\/gestion-ISBN\" target=\"_blank\">\n\t\t\t\t\t\t\t<img fetchpriority=\"high\" decoding=\"async\" width=\"300\" height=\"300\" src=\"https:\/\/crai.uca.edu.sv\/wp-content\/uploads\/2025\/07\/1.png\" class=\"attachment-large size-large wp-image-3265\" alt=\"\" srcset=\"https:\/\/crai.uca.edu.sv\/wp-content\/uploads\/2025\/07\/1.png 300w, https:\/\/crai.uca.edu.sv\/wp-content\/uploads\/2025\/07\/1-150x150.png 150w\" sizes=\"(max-width: 300px) 100vw, 300px\" \/>\t\t\t\t\t\t\t\t<\/a>\n\t\t\t\t\t\t\t\t\t\t\t\t\t\t\t<\/div>\n\t\t\t\t<\/div>\n\t\t\t\t<\/div>\n\t\t<div class=\"elementor-element elementor-element-114e173 e-con-full e-flex e-con e-child\" data-id=\"114e173\" data-element_type=\"container\">\n\t\t\t\t<div class=\"elementor-element elementor-element-088eb13 elementor-widget elementor-widget-heading\" data-id=\"088eb13\" data-element_type=\"widget\" data-widget_type=\"heading.default\">\n\t\t\t\t<div class=\"elementor-widget-container\">\n\t\t\t\t\t<h2 class=\"elementor-heading-title elementor-size-default\"><a href=\"https:\/\/uca-sv.libguides.com\/gestion-ISBN\" target=\"_blank\">Aprende qu\u00e9 es, c\u00f3mo se asigna y d\u00f3nde buscarlo.<\/a><\/h2>\t\t\t\t<\/div>\n\t\t\t\t<\/div>\n\t\t\t\t<\/div>\n\t\t\t\t<\/div>\n\t\t<div class=\"elementor-element elementor-element-81ff7ec e-con-full e-flex e-con e-child\" data-id=\"81ff7ec\" data-element_type=\"container\">\n\t\t<div class=\"elementor-element elementor-element-78848f2 e-con-full e-flex e-con e-child\" data-id=\"78848f2\" data-element_type=\"container\">\n\t\t\t\t<div class=\"elementor-element elementor-element-2f47c7a elementor-widget elementor-widget-image\" data-id=\"2f47c7a\" data-element_type=\"widget\" data-widget_type=\"image.default\">\n\t\t\t\t<div class=\"elementor-widget-container\">\n\t\t\t\t\t\t\t\t\t\t\t\t\t\t\t\t<a href=\"https:\/\/uca-sv.libguides.com\/gestion-ISSN\" target=\"_blank\">\n\t\t\t\t\t\t\t<img decoding=\"async\" width=\"300\" height=\"300\" src=\"https:\/\/crai.uca.edu.sv\/wp-content\/uploads\/2025\/07\/3.png\" class=\"attachment-large size-large wp-image-3267\" alt=\"\" srcset=\"https:\/\/crai.uca.edu.sv\/wp-content\/uploads\/2025\/07\/3.png 300w, https:\/\/crai.uca.edu.sv\/wp-content\/uploads\/2025\/07\/3-150x150.png 150w\" sizes=\"(max-width: 300px) 100vw, 300px\" \/>\t\t\t\t\t\t\t\t<\/a>\n\t\t\t\t\t\t\t\t\t\t\t\t\t\t\t<\/div>\n\t\t\t\t<\/div>\n\t\t\t\t<\/div>\n\t\t<div class=\"elementor-element elementor-element-a9eeadf e-con-full e-flex e-con e-child\" data-id=\"a9eeadf\" data-element_type=\"container\">\n\t\t\t\t<div class=\"elementor-element elementor-element-2d05335 elementor-widget elementor-widget-heading\" data-id=\"2d05335\" data-element_type=\"widget\" data-widget_type=\"heading.default\">\n\t\t\t\t<div class=\"elementor-widget-container\">\n\t\t\t\t\t<h2 class=\"elementor-heading-title elementor-size-default\"><a href=\"https:\/\/uca-sv.libguides.com\/gestion-ISSN\" target=\"_blank\">Descubra su utilidad para art\u00edculos y c\u00f3mo encontrarlo. cabecera<\/a><\/h2>\t\t\t\t<\/div>\n\t\t\t\t<\/div>\n\t\t\t\t<\/div>\n\t\t\t\t<\/div>\n\t\t<div class=\"elementor-element elementor-element-c66f4ea e-con-full e-flex e-con e-child\" data-id=\"c66f4ea\" data-element_type=\"container\">\n\t\t<div class=\"elementor-element elementor-element-6145c14 e-con-full e-flex e-con e-child\" data-id=\"6145c14\" data-element_type=\"container\">\n\t\t\t\t<div class=\"elementor-element elementor-element-01e09f4 elementor-widget elementor-widget-image\" data-id=\"01e09f4\" data-element_type=\"widget\" data-widget_type=\"image.default\">\n\t\t\t\t<div class=\"elementor-widget-container\">\n\t\t\t\t\t\t\t\t\t\t\t\t\t\t\t\t<a href=\"https:\/\/uca-sv.libguides.com\/gestion-DOI\">\n\t\t\t\t\t\t\t<img decoding=\"async\" width=\"300\" height=\"300\" src=\"https:\/\/crai.uca.edu.sv\/wp-content\/uploads\/2025\/07\/2.png\" class=\"attachment-large size-large wp-image-3266\" alt=\"\" srcset=\"https:\/\/crai.uca.edu.sv\/wp-content\/uploads\/2025\/07\/2.png 300w, https:\/\/crai.uca.edu.sv\/wp-content\/uploads\/2025\/07\/2-150x150.png 150w\" sizes=\"(max-width: 300px) 100vw, 300px\" \/>\t\t\t\t\t\t\t\t<\/a>\n\t\t\t\t\t\t\t\t\t\t\t\t\t\t\t<\/div>\n\t\t\t\t<\/div>\n\t\t\t\t<\/div>\n\t\t<div class=\"elementor-element elementor-element-a7ecd38 e-con-full e-flex e-con e-child\" data-id=\"a7ecd38\" data-element_type=\"container\">\n\t\t\t\t<div class=\"elementor-element elementor-element-8cb8805 elementor-widget elementor-widget-heading\" data-id=\"8cb8805\" data-element_type=\"widget\" data-widget_type=\"heading.default\">\n\t\t\t\t<div class=\"elementor-widget-container\">\n\t\t\t\t\t<h2 class=\"elementor-heading-title elementor-size-default\"><a href=\"https:\/\/uca-sv.libguides.com\/gestion-DOI\" target=\"_blank\">Identifique publicaciones seriadas y consulte ejemplos.<\/a><\/h2>\t\t\t\t<\/div>\n\t\t\t\t<\/div>\n\t\t\t\t<\/div>\n\t\t\t\t<\/div>\n\t\t\t\t<\/div>\n\t\t<div class=\"elementor-element elementor-element-d43884c e-flex e-con-boxed e-con e-parent\" data-id=\"d43884c\" data-element_type=\"container\">\n\t\t\t\t\t<div class=\"e-con-inner\">\n\t\t\t\t<div class=\"elementor-element elementor-element-d054c2a elementor-widget elementor-widget-spacer\" data-id=\"d054c2a\" data-element_type=\"widget\" data-widget_type=\"spacer.default\">\n\t\t\t\t<div class=\"elementor-widget-container\">\n\t\t\t\t\t\t\t<div class=\"elementor-spacer\">\n\t\t\t<div class=\"elementor-spacer-inner\"><\/div>\n\t\t<\/div>\n\t\t\t\t\t\t<\/div>\n\t\t\t\t<\/div>\n\t\t\t\t\t<\/div>\n\t\t\t\t<\/div>\n\t\t\t\t<\/div>\n\t\t","protected":false},"excerpt":{"rendered":"<p>Identificadores bibliogr\u00e1ficos Aprende qu\u00e9 es, c\u00f3mo se asigna y d\u00f3nde buscarlo. Descubra su utilidad para art\u00edculos y c\u00f3mo encontrarlo. cabecera Identifique publicaciones seriadas y consulte ejemplos.<\/p>\n","protected":false},"author":1,"featured_media":0,"parent":0,"menu_order":0,"comment_status":"closed","ping_status":"closed","template":"","meta":{"footnotes":""},"class_list":["post-3260","page","type-page","status-publish","hentry"],"yoast_head":"<!-- This site is optimized with the Yoast SEO plugin v24.9 - https:\/\/yoast.com\/wordpress\/plugins\/seo\/ -->\n<title>IdentificadoresBibliograficos - Centro de Recursos para el Aprendizaje y la Investigaci\u00f3n P. Florentino Idoate, S.J.<\/title>\n<meta name=\"robots\" content=\"index, follow, max-snippet:-1, max-image-preview:large, max-video-preview:-1\" \/>\n<link rel=\"canonical\" href=\"https:\/\/crai.uca.edu.sv\/index.php\/identbibliografico\/\" \/>\n<meta property=\"og:locale\" content=\"es_ES\" \/>\n<meta property=\"og:type\" content=\"article\" \/>\n<meta property=\"og:title\" content=\"IdentificadoresBibliograficos - Centro de Recursos para el Aprendizaje y la Investigaci\u00f3n P. Florentino Idoate, S.J.\" \/>\n<meta property=\"og:description\" content=\"Identificadores bibliogr\u00e1ficos Aprende qu\u00e9 es, c\u00f3mo se asigna y d\u00f3nde buscarlo. Descubra su utilidad para art\u00edculos y c\u00f3mo encontrarlo. cabecera Identifique publicaciones seriadas y consulte ejemplos.\" \/>\n<meta property=\"og:url\" content=\"https:\/\/crai.uca.edu.sv\/index.php\/identbibliografico\/\" \/>\n<meta property=\"og:site_name\" content=\"Centro de Recursos para el Aprendizaje y la Investigaci\u00f3n P. Florentino Idoate, S.J.\" \/>\n<meta property=\"article:modified_time\" content=\"2025-07-17T15:34:35+00:00\" \/>\n<meta property=\"og:image\" content=\"https:\/\/crai.uca.edu.sv\/wp-content\/uploads\/2025\/07\/1.png\" \/>\n\t<meta property=\"og:image:width\" content=\"300\" \/>\n\t<meta property=\"og:image:height\" content=\"300\" \/>\n\t<meta property=\"og:image:type\" content=\"image\/png\" \/>\n<meta name=\"twitter:card\" content=\"summary_large_image\" \/>\n<meta name=\"twitter:label1\" content=\"Tiempo de lectura\" \/>\n\t<meta name=\"twitter:data1\" content=\"1 minuto\" \/>\n<script type=\"application\/ld+json\" class=\"yoast-schema-graph\">{\"@context\":\"https:\/\/schema.org\",\"@graph\":[{\"@type\":\"WebPage\",\"@id\":\"https:\/\/crai.uca.edu.sv\/index.php\/identbibliografico\/\",\"url\":\"https:\/\/crai.uca.edu.sv\/index.php\/identbibliografico\/\",\"name\":\"IdentificadoresBibliograficos - Centro de Recursos para el Aprendizaje y la Investigaci\u00f3n P. Florentino Idoate, S.J.\",\"isPartOf\":{\"@id\":\"https:\/\/crai.uca.edu.sv\/#website\"},\"primaryImageOfPage\":{\"@id\":\"https:\/\/crai.uca.edu.sv\/index.php\/identbibliografico\/#primaryimage\"},\"image\":{\"@id\":\"https:\/\/crai.uca.edu.sv\/index.php\/identbibliografico\/#primaryimage\"},\"thumbnailUrl\":\"https:\/\/crai.uca.edu.sv\/wp-content\/uploads\/2025\/07\/1.png\",\"datePublished\":\"2025-07-16T22:55:18+00:00\",\"dateModified\":\"2025-07-17T15:34:35+00:00\",\"breadcrumb\":{\"@id\":\"https:\/\/crai.uca.edu.sv\/index.php\/identbibliografico\/#breadcrumb\"},\"inLanguage\":\"es\",\"potentialAction\":[{\"@type\":\"ReadAction\",\"target\":[\"https:\/\/crai.uca.edu.sv\/index.php\/identbibliografico\/\"]}]},{\"@type\":\"ImageObject\",\"inLanguage\":\"es\",\"@id\":\"https:\/\/crai.uca.edu.sv\/index.php\/identbibliografico\/#primaryimage\",\"url\":\"https:\/\/crai.uca.edu.sv\/wp-content\/uploads\/2025\/07\/1.png\",\"contentUrl\":\"https:\/\/crai.uca.edu.sv\/wp-content\/uploads\/2025\/07\/1.png\",\"width\":300,\"height\":300},{\"@type\":\"BreadcrumbList\",\"@id\":\"https:\/\/crai.uca.edu.sv\/index.php\/identbibliografico\/#breadcrumb\",\"itemListElement\":[{\"@type\":\"ListItem\",\"position\":1,\"name\":\"Portada\",\"item\":\"https:\/\/crai.uca.edu.sv\/\"},{\"@type\":\"ListItem\",\"position\":2,\"name\":\"IdentificadoresBibliograficos\"}]},{\"@type\":\"WebSite\",\"@id\":\"https:\/\/crai.uca.edu.sv\/#website\",\"url\":\"https:\/\/crai.uca.edu.sv\/\",\"name\":\"Centro de Recursos para el Aprendizaje y la Investigaci\u00f3n P. Florentino Idoate, S.J.\",\"description\":\"Sitio web del CRAI UCA\",\"publisher\":{\"@id\":\"https:\/\/crai.uca.edu.sv\/#organization\"},\"potentialAction\":[{\"@type\":\"SearchAction\",\"target\":{\"@type\":\"EntryPoint\",\"urlTemplate\":\"https:\/\/crai.uca.edu.sv\/?s={search_term_string}\"},\"query-input\":{\"@type\":\"PropertyValueSpecification\",\"valueRequired\":true,\"valueName\":\"search_term_string\"}}],\"inLanguage\":\"es\"},{\"@type\":\"Organization\",\"@id\":\"https:\/\/crai.uca.edu.sv\/#organization\",\"name\":\"Centro de Recursos para el Aprendizaje y la Investigaci\u00f3n P. Florentino Idoate, S.J.\",\"url\":\"https:\/\/crai.uca.edu.sv\/\",\"logo\":{\"@type\":\"ImageObject\",\"inLanguage\":\"es\",\"@id\":\"https:\/\/crai.uca.edu.sv\/#\/schema\/logo\/image\/\",\"url\":\"https:\/\/crai.uca.edu.sv\/wp-content\/uploads\/2024\/02\/cropped-logo-uca-Video-1.png\",\"contentUrl\":\"https:\/\/crai.uca.edu.sv\/wp-content\/uploads\/2024\/02\/cropped-logo-uca-Video-1.png\",\"width\":512,\"height\":512,\"caption\":\"Centro de Recursos para el Aprendizaje y la Investigaci\u00f3n P. Florentino Idoate, S.J.\"},\"image\":{\"@id\":\"https:\/\/crai.uca.edu.sv\/#\/schema\/logo\/image\/\"}}]}<\/script>\n<!-- \/ Yoast SEO plugin. -->","yoast_head_json":{"title":"IdentificadoresBibliograficos - Centro de Recursos para el Aprendizaje y la Investigaci\u00f3n P. Florentino Idoate, S.J.","robots":{"index":"index","follow":"follow","max-snippet":"max-snippet:-1","max-image-preview":"max-image-preview:large","max-video-preview":"max-video-preview:-1"},"canonical":"https:\/\/crai.uca.edu.sv\/index.php\/identbibliografico\/","og_locale":"es_ES","og_type":"article","og_title":"IdentificadoresBibliograficos - Centro de Recursos para el Aprendizaje y la Investigaci\u00f3n P. Florentino Idoate, S.J.","og_description":"Identificadores bibliogr\u00e1ficos Aprende qu\u00e9 es, c\u00f3mo se asigna y d\u00f3nde buscarlo. Descubra su utilidad para art\u00edculos y c\u00f3mo encontrarlo. cabecera Identifique publicaciones seriadas y consulte ejemplos.","og_url":"https:\/\/crai.uca.edu.sv\/index.php\/identbibliografico\/","og_site_name":"Centro de Recursos para el Aprendizaje y la Investigaci\u00f3n P. Florentino Idoate, S.J.","article_modified_time":"2025-07-17T15:34:35+00:00","og_image":[{"width":300,"height":300,"url":"https:\/\/crai.uca.edu.sv\/wp-content\/uploads\/2025\/07\/1.png","type":"image\/png"}],"twitter_card":"summary_large_image","twitter_misc":{"Tiempo de lectura":"1 minuto"},"schema":{"@context":"https:\/\/schema.org","@graph":[{"@type":"WebPage","@id":"https:\/\/crai.uca.edu.sv\/index.php\/identbibliografico\/","url":"https:\/\/crai.uca.edu.sv\/index.php\/identbibliografico\/","name":"IdentificadoresBibliograficos - Centro de Recursos para el Aprendizaje y la Investigaci\u00f3n P. Florentino Idoate, S.J.","isPartOf":{"@id":"https:\/\/crai.uca.edu.sv\/#website"},"primaryImageOfPage":{"@id":"https:\/\/crai.uca.edu.sv\/index.php\/identbibliografico\/#primaryimage"},"image":{"@id":"https:\/\/crai.uca.edu.sv\/index.php\/identbibliografico\/#primaryimage"},"thumbnailUrl":"https:\/\/crai.uca.edu.sv\/wp-content\/uploads\/2025\/07\/1.png","datePublished":"2025-07-16T22:55:18+00:00","dateModified":"2025-07-17T15:34:35+00:00","breadcrumb":{"@id":"https:\/\/crai.uca.edu.sv\/index.php\/identbibliografico\/#breadcrumb"},"inLanguage":"es","potentialAction":[{"@type":"ReadAction","target":["https:\/\/crai.uca.edu.sv\/index.php\/identbibliografico\/"]}]},{"@type":"ImageObject","inLanguage":"es","@id":"https:\/\/crai.uca.edu.sv\/index.php\/identbibliografico\/#primaryimage","url":"https:\/\/crai.uca.edu.sv\/wp-content\/uploads\/2025\/07\/1.png","contentUrl":"https:\/\/crai.uca.edu.sv\/wp-content\/uploads\/2025\/07\/1.png","width":300,"height":300},{"@type":"BreadcrumbList","@id":"https:\/\/crai.uca.edu.sv\/index.php\/identbibliografico\/#breadcrumb","itemListElement":[{"@type":"ListItem","position":1,"name":"Portada","item":"https:\/\/crai.uca.edu.sv\/"},{"@type":"ListItem","position":2,"name":"IdentificadoresBibliograficos"}]},{"@type":"WebSite","@id":"https:\/\/crai.uca.edu.sv\/#website","url":"https:\/\/crai.uca.edu.sv\/","name":"Centro de Recursos para el Aprendizaje y la Investigaci\u00f3n P. Florentino Idoate, S.J.","description":"Sitio web del CRAI UCA","publisher":{"@id":"https:\/\/crai.uca.edu.sv\/#organization"},"potentialAction":[{"@type":"SearchAction","target":{"@type":"EntryPoint","urlTemplate":"https:\/\/crai.uca.edu.sv\/?s={search_term_string}"},"query-input":{"@type":"PropertyValueSpecification","valueRequired":true,"valueName":"search_term_string"}}],"inLanguage":"es"},{"@type":"Organization","@id":"https:\/\/crai.uca.edu.sv\/#organization","name":"Centro de Recursos para el Aprendizaje y la Investigaci\u00f3n P. Florentino Idoate, S.J.","url":"https:\/\/crai.uca.edu.sv\/","logo":{"@type":"ImageObject","inLanguage":"es","@id":"https:\/\/crai.uca.edu.sv\/#\/schema\/logo\/image\/","url":"https:\/\/crai.uca.edu.sv\/wp-content\/uploads\/2024\/02\/cropped-logo-uca-Video-1.png","contentUrl":"https:\/\/crai.uca.edu.sv\/wp-content\/uploads\/2024\/02\/cropped-logo-uca-Video-1.png","width":512,"height":512,"caption":"Centro de Recursos para el Aprendizaje y la Investigaci\u00f3n P. Florentino Idoate, S.J."},"image":{"@id":"https:\/\/crai.uca.edu.sv\/#\/schema\/logo\/image\/"}}]}},"_links":{"self":[{"href":"https:\/\/crai.uca.edu.sv\/index.php\/wp-json\/wp\/v2\/pages\/3260","targetHints":{"allow":["GET"]}}],"collection":[{"href":"https:\/\/crai.uca.edu.sv\/index.php\/wp-json\/wp\/v2\/pages"}],"about":[{"href":"https:\/\/crai.uca.edu.sv\/index.php\/wp-json\/wp\/v2\/types\/page"}],"author":[{"embeddable":true,"href":"https:\/\/crai.uca.edu.sv\/index.php\/wp-json\/wp\/v2\/users\/1"}],"replies":[{"embeddable":true,"href":"https:\/\/crai.uca.edu.sv\/index.php\/wp-json\/wp\/v2\/comments?post=3260"}],"version-history":[{"count":10,"href":"https:\/\/crai.uca.edu.sv\/index.php\/wp-json\/wp\/v2\/pages\/3260\/revisions"}],"predecessor-version":[{"id":3274,"href":"https:\/\/crai.uca.edu.sv\/index.php\/wp-json\/wp\/v2\/pages\/3260\/revisions\/3274"}],"wp:attachment":[{"href":"https:\/\/crai.uca.edu.sv\/index.php\/wp-json\/wp\/v2\/media?parent=3260"}],"curies":[{"name":"wp","href":"https:\/\/api.w.org\/{rel}","templated":true}]}}