{"id":2286,"date":"2025-03-11T14:52:17","date_gmt":"2025-03-11T14:52:17","guid":{"rendered":"https:\/\/crai.uca.edu.sv\/?page_id=2286"},"modified":"2025-03-14T21:06:32","modified_gmt":"2025-03-14T21:06:32","slug":"test-noticias-adquisiciones","status":"publish","type":"page","link":"https:\/\/crai.uca.edu.sv\/index.php\/test-noticias-adquisiciones\/","title":{"rendered":"Test-noticias-adquisiciones"},"content":{"rendered":"\t\t<div data-elementor-type=\"wp-page\" data-elementor-id=\"2286\" class=\"elementor elementor-2286\" data-elementor-post-type=\"page\">\n\t\t\t\t<div class=\"elementor-element elementor-element-da18c41 e-flex e-con-boxed e-con e-parent\" data-id=\"da18c41\" data-element_type=\"container\">\n\t\t\t\t\t<div class=\"e-con-inner\">\n\t\t<div class=\"elementor-element elementor-element-c2a1c39 e-con-full e-flex e-con e-child\" data-id=\"c2a1c39\" data-element_type=\"container\">\n\t\t<div class=\"elementor-element elementor-element-2117c08 e-con-full e-flex e-con e-child\" data-id=\"2117c08\" data-element_type=\"container\">\n\t\t\t\t<div class=\"elementor-element elementor-element-b685312 elementor-widget elementor-widget-heading\" data-id=\"b685312\" data-element_type=\"widget\" data-widget_type=\"heading.default\">\n\t\t\t\t<div class=\"elementor-widget-container\">\n\t\t\t\t\t<h2 class=\"elementor-heading-title elementor-size-default\">Nuevas Adquisiciones<\/h2>\t\t\t\t<\/div>\n\t\t\t\t<\/div>\n\t\t\t\t<\/div>\n\t\t<div class=\"elementor-element elementor-element-c1d9074 e-con-full e-flex e-con e-child\" data-id=\"c1d9074\" data-element_type=\"container\">\n\t\t\t\t<div class=\"elementor-element elementor-element-221cb50 elementor-widget__width-initial elementor-widget elementor-widget-html\" data-id=\"221cb50\" data-element_type=\"widget\" data-widget_type=\"html.default\">\n\t\t\t\t<div class=\"elementor-widget-container\">\n\t\t\t\t\t<iframe src=\"https:\/\/abaco.uca.edu.sv\/bfi\/noticias\/nuevas_adqui.php\" \n        width=\"800\" \n        height=\"175\" \n        style=\"overflow: hidden; border: none;\">\n<\/iframe>\n\t\t\t\t<\/div>\n\t\t\t\t<\/div>\n\t\t\t\t<\/div>\n\t\t<div class=\"elementor-element elementor-element-6ba4c21 e-con-full e-flex e-con e-child\" data-id=\"6ba4c21\" data-element_type=\"container\">\n\t\t\t\t<div class=\"elementor-element elementor-element-256072a elementor-align-center elementor-widget elementor-widget-button\" data-id=\"256072a\" data-element_type=\"widget\" data-widget_type=\"button.default\">\n\t\t\t\t<div class=\"elementor-widget-container\">\n\t\t\t\t\t\t\t\t\t<div class=\"elementor-button-wrapper\">\n\t\t\t\t\t<a class=\"elementor-button elementor-button-link elementor-size-sm elementor-animation-grow\" href=\"https:\/\/docs.google.com\/forms\/d\/e\/1FAIpQLSezBAKBXxiN12SAP6GLKVfn6Ux3s0-TnVrDWun0CwEl2s7gPw\/viewform\" target=\"_blank\">\n\t\t\t\t\t\t<span class=\"elementor-button-content-wrapper\">\n\t\t\t\t\t\t\t\t\t<span class=\"elementor-button-text\">Sugerir adquisici\u00f3n de material bibliogr\u00e1fico<\/span>\n\t\t\t\t\t<\/span>\n\t\t\t\t\t<\/a>\n\t\t\t\t<\/div>\n\t\t\t\t\t\t\t\t<\/div>\n\t\t\t\t<\/div>\n\t\t\t\t<\/div>\n\t\t\t\t<\/div>\n\t\t<div class=\"elementor-element elementor-element-e3941df e-con-full e-flex e-con e-child\" data-id=\"e3941df\" data-element_type=\"container\">\n\t\t<div class=\"elementor-element elementor-element-ecfd828 e-con-full e-flex e-con e-child\" data-id=\"ecfd828\" data-element_type=\"container\">\n\t\t\t\t<div class=\"elementor-element elementor-element-ddae04b elementor-widget elementor-widget-heading\" data-id=\"ddae04b\" data-element_type=\"widget\" data-widget_type=\"heading.default\">\n\t\t\t\t<div class=\"elementor-widget-container\">\n\t\t\t\t\t<h2 class=\"elementor-heading-title elementor-size-default\">Eventos y noticias<\/h2>\t\t\t\t<\/div>\n\t\t\t\t<\/div>\n\t\t\t\t<\/div>\n\t\t<div class=\"elementor-element elementor-element-4f5e258 e-con-full e-flex e-con e-child\" data-id=\"4f5e258\" data-element_type=\"container\">\n\t\t\t\t<div class=\"elementor-element elementor-element-51c7be9 elementor-grid-1 elementor-posts--thumbnail-left elementor-posts--align-left elementor-grid-tablet-2 elementor-grid-mobile-1 elementor-widget elementor-widget-posts\" data-id=\"51c7be9\" data-element_type=\"widget\" data-settings=\"{&quot;classic_columns&quot;:&quot;1&quot;,&quot;classic_columns_tablet&quot;:&quot;2&quot;,&quot;classic_columns_mobile&quot;:&quot;1&quot;,&quot;classic_row_gap&quot;:{&quot;unit&quot;:&quot;px&quot;,&quot;size&quot;:35,&quot;sizes&quot;:[]},&quot;classic_row_gap_tablet&quot;:{&quot;unit&quot;:&quot;px&quot;,&quot;size&quot;:&quot;&quot;,&quot;sizes&quot;:[]},&quot;classic_row_gap_mobile&quot;:{&quot;unit&quot;:&quot;px&quot;,&quot;size&quot;:&quot;&quot;,&quot;sizes&quot;:[]}}\" data-widget_type=\"posts.classic\">\n\t\t\t\t<div class=\"elementor-widget-container\">\n\t\t\t\t\t\t\t<div class=\"elementor-posts-container elementor-posts elementor-posts--skin-classic elementor-grid\">\n\t\t\t\t<article class=\"elementor-post elementor-grid-item post-3649 post type-post status-publish format-standard has-post-thumbnail hentry category-noticiascrai\">\n\t\t\t\t<a class=\"elementor-post__thumbnail__link\" href=\"https:\/\/crai.uca.edu.sv\/index.php\/2026\/03\/09\/tips-para-el-retorno-a-clases\/\" tabindex=\"-1\" >\n\t\t\t<div class=\"elementor-post__thumbnail\"><img fetchpriority=\"high\" decoding=\"async\" width=\"300\" height=\"169\" src=\"https:\/\/crai.uca.edu.sv\/wp-content\/uploads\/2026\/03\/Imagenes-noticias-crai-300x169.jpg\" class=\"attachment-medium size-medium wp-image-3650\" alt=\"\" srcset=\"https:\/\/crai.uca.edu.sv\/wp-content\/uploads\/2026\/03\/Imagenes-noticias-crai-300x169.jpg 300w, https:\/\/crai.uca.edu.sv\/wp-content\/uploads\/2026\/03\/Imagenes-noticias-crai-1024x576.jpg 1024w, https:\/\/crai.uca.edu.sv\/wp-content\/uploads\/2026\/03\/Imagenes-noticias-crai-768x432.jpg 768w, https:\/\/crai.uca.edu.sv\/wp-content\/uploads\/2026\/03\/Imagenes-noticias-crai-1536x864.jpg 1536w, https:\/\/crai.uca.edu.sv\/wp-content\/uploads\/2026\/03\/Imagenes-noticias-crai-1140x641.jpg 1140w, https:\/\/crai.uca.edu.sv\/wp-content\/uploads\/2026\/03\/Imagenes-noticias-crai-720x405.jpg 720w, https:\/\/crai.uca.edu.sv\/wp-content\/uploads\/2026\/03\/Imagenes-noticias-crai.jpg 1920w\" sizes=\"(max-width: 300px) 100vw, 300px\" \/><\/div>\n\t\t<\/a>\n\t\t\t\t<div class=\"elementor-post__text\">\n\t\t\t\t<h4 class=\"elementor-post__title\">\n\t\t\t<a href=\"https:\/\/crai.uca.edu.sv\/index.php\/2026\/03\/09\/tips-para-el-retorno-a-clases\/\" >\n\t\t\t\tTips para el retorno a clases\t\t\t<\/a>\n\t\t<\/h4>\n\t\t\t\t<div class=\"elementor-post__meta-data\">\n\t\t\t\t\t<span class=\"elementor-post-date\">\n\t\t\tmarzo 9, 2026\t\t<\/span>\n\t\t\t\t<\/div>\n\t\t\n\t\t<a class=\"elementor-post__read-more\" href=\"https:\/\/crai.uca.edu.sv\/index.php\/2026\/03\/09\/tips-para-el-retorno-a-clases\/\" aria-label=\"Read more about Tips para el retorno a clases\" tabindex=\"-1\" >\n\t\t\tRead More \u00bb\t\t<\/a>\n\n\t\t\t\t<\/div>\n\t\t\t\t<\/article>\n\t\t\t\t<article class=\"elementor-post elementor-grid-item post-3640 post type-post status-publish format-standard has-post-thumbnail hentry category-noticiascrai\">\n\t\t\t\t<a class=\"elementor-post__thumbnail__link\" href=\"https:\/\/crai.uca.edu.sv\/index.php\/2026\/03\/02\/agenda-cultural-del-2-al-6-de-marzo-2026\/\" tabindex=\"-1\" >\n\t\t\t<div class=\"elementor-post__thumbnail\"><img decoding=\"async\" width=\"300\" height=\"169\" src=\"https:\/\/crai.uca.edu.sv\/wp-content\/uploads\/2026\/03\/Imagenes-noticias-crai-300x169.png\" class=\"attachment-medium size-medium wp-image-3641\" alt=\"\" srcset=\"https:\/\/crai.uca.edu.sv\/wp-content\/uploads\/2026\/03\/Imagenes-noticias-crai-300x169.png 300w, https:\/\/crai.uca.edu.sv\/wp-content\/uploads\/2026\/03\/Imagenes-noticias-crai-1024x576.png 1024w, https:\/\/crai.uca.edu.sv\/wp-content\/uploads\/2026\/03\/Imagenes-noticias-crai-768x432.png 768w, https:\/\/crai.uca.edu.sv\/wp-content\/uploads\/2026\/03\/Imagenes-noticias-crai-1536x864.png 1536w, https:\/\/crai.uca.edu.sv\/wp-content\/uploads\/2026\/03\/Imagenes-noticias-crai-1140x641.png 1140w, https:\/\/crai.uca.edu.sv\/wp-content\/uploads\/2026\/03\/Imagenes-noticias-crai-720x405.png 720w, https:\/\/crai.uca.edu.sv\/wp-content\/uploads\/2026\/03\/Imagenes-noticias-crai.png 1920w\" sizes=\"(max-width: 300px) 100vw, 300px\" \/><\/div>\n\t\t<\/a>\n\t\t\t\t<div class=\"elementor-post__text\">\n\t\t\t\t<h4 class=\"elementor-post__title\">\n\t\t\t<a href=\"https:\/\/crai.uca.edu.sv\/index.php\/2026\/03\/02\/agenda-cultural-del-2-al-6-de-marzo-2026\/\" >\n\t\t\t\tAgenda Cultural del 2 al 6 de marzo 2026\t\t\t<\/a>\n\t\t<\/h4>\n\t\t\t\t<div class=\"elementor-post__meta-data\">\n\t\t\t\t\t<span class=\"elementor-post-date\">\n\t\t\tmarzo 2, 2026\t\t<\/span>\n\t\t\t\t<\/div>\n\t\t\n\t\t<a class=\"elementor-post__read-more\" href=\"https:\/\/crai.uca.edu.sv\/index.php\/2026\/03\/02\/agenda-cultural-del-2-al-6-de-marzo-2026\/\" aria-label=\"Read more about Agenda Cultural del 2 al 6 de marzo 2026\" tabindex=\"-1\" >\n\t\t\tRead More \u00bb\t\t<\/a>\n\n\t\t\t\t<\/div>\n\t\t\t\t<\/article>\n\t\t\t\t<article class=\"elementor-post elementor-grid-item post-3632 post type-post status-publish format-standard has-post-thumbnail hentry category-noticiascrai\">\n\t\t\t\t<a class=\"elementor-post__thumbnail__link\" href=\"https:\/\/crai.uca.edu.sv\/index.php\/2026\/02\/14\/agenda-cultural-del-16-al-20-de-febrero-2026\/\" tabindex=\"-1\" >\n\t\t\t<div class=\"elementor-post__thumbnail\"><img decoding=\"async\" width=\"300\" height=\"169\" src=\"https:\/\/crai.uca.edu.sv\/wp-content\/uploads\/2026\/02\/Imagenes-noticias-crai-300x169.png\" class=\"attachment-medium size-medium wp-image-3633\" alt=\"\" srcset=\"https:\/\/crai.uca.edu.sv\/wp-content\/uploads\/2026\/02\/Imagenes-noticias-crai-300x169.png 300w, https:\/\/crai.uca.edu.sv\/wp-content\/uploads\/2026\/02\/Imagenes-noticias-crai-1024x576.png 1024w, https:\/\/crai.uca.edu.sv\/wp-content\/uploads\/2026\/02\/Imagenes-noticias-crai-768x432.png 768w, https:\/\/crai.uca.edu.sv\/wp-content\/uploads\/2026\/02\/Imagenes-noticias-crai-1536x864.png 1536w, https:\/\/crai.uca.edu.sv\/wp-content\/uploads\/2026\/02\/Imagenes-noticias-crai-1140x641.png 1140w, https:\/\/crai.uca.edu.sv\/wp-content\/uploads\/2026\/02\/Imagenes-noticias-crai-720x405.png 720w, https:\/\/crai.uca.edu.sv\/wp-content\/uploads\/2026\/02\/Imagenes-noticias-crai.png 1920w\" sizes=\"(max-width: 300px) 100vw, 300px\" \/><\/div>\n\t\t<\/a>\n\t\t\t\t<div class=\"elementor-post__text\">\n\t\t\t\t<h4 class=\"elementor-post__title\">\n\t\t\t<a href=\"https:\/\/crai.uca.edu.sv\/index.php\/2026\/02\/14\/agenda-cultural-del-16-al-20-de-febrero-2026\/\" >\n\t\t\t\tAgenda Cultural del 16 al 20 de febrero 2026\t\t\t<\/a>\n\t\t<\/h4>\n\t\t\t\t<div class=\"elementor-post__meta-data\">\n\t\t\t\t\t<span class=\"elementor-post-date\">\n\t\t\tfebrero 14, 2026\t\t<\/span>\n\t\t\t\t<\/div>\n\t\t\n\t\t<a class=\"elementor-post__read-more\" href=\"https:\/\/crai.uca.edu.sv\/index.php\/2026\/02\/14\/agenda-cultural-del-16-al-20-de-febrero-2026\/\" aria-label=\"Read more about Agenda Cultural del 16 al 20 de febrero 2026\" tabindex=\"-1\" >\n\t\t\tRead More \u00bb\t\t<\/a>\n\n\t\t\t\t<\/div>\n\t\t\t\t<\/article>\n\t\t\t\t<\/div>\n\t\t\n\t\t\t\t\t\t<\/div>\n\t\t\t\t<\/div>\n\t\t\t\t<\/div>\n\t\t\t\t<\/div>\n\t\t\t\t\t<\/div>\n\t\t\t\t<\/div>\n\t\t\t\t<\/div>\n\t\t","protected":false},"excerpt":{"rendered":"<p>Nuevas Adquisiciones Sugerir adquisici\u00f3n de material bibliogr\u00e1fico Eventos y noticias<\/p>\n","protected":false},"author":1,"featured_media":0,"parent":0,"menu_order":0,"comment_status":"closed","ping_status":"closed","template":"elementor_header_footer","meta":{"footnotes":""},"class_list":["post-2286","page","type-page","status-publish","hentry"],"yoast_head":"<!-- This site is optimized with the Yoast SEO plugin v24.9 - https:\/\/yoast.com\/wordpress\/plugins\/seo\/ -->\n<title>Test-noticias-adquisiciones - Centro de Recursos para el Aprendizaje y la Investigaci\u00f3n P. Florentino Idoate, S.J.<\/title>\n<meta name=\"robots\" content=\"index, follow, max-snippet:-1, max-image-preview:large, max-video-preview:-1\" \/>\n<link rel=\"canonical\" href=\"https:\/\/crai.uca.edu.sv\/index.php\/test-noticias-adquisiciones\/\" \/>\n<meta property=\"og:locale\" content=\"es_ES\" \/>\n<meta property=\"og:type\" content=\"article\" \/>\n<meta property=\"og:title\" content=\"Test-noticias-adquisiciones - Centro de Recursos para el Aprendizaje y la Investigaci\u00f3n P. Florentino Idoate, S.J.\" \/>\n<meta property=\"og:description\" content=\"Nuevas Adquisiciones Sugerir adquisici\u00f3n de material bibliogr\u00e1fico Eventos y noticias\" \/>\n<meta property=\"og:url\" content=\"https:\/\/crai.uca.edu.sv\/index.php\/test-noticias-adquisiciones\/\" \/>\n<meta property=\"og:site_name\" content=\"Centro de Recursos para el Aprendizaje y la Investigaci\u00f3n P. Florentino Idoate, S.J.\" \/>\n<meta property=\"article:modified_time\" content=\"2025-03-14T21:06:32+00:00\" \/>\n<meta name=\"twitter:card\" content=\"summary_large_image\" \/>\n<script type=\"application\/ld+json\" class=\"yoast-schema-graph\">{\"@context\":\"https:\/\/schema.org\",\"@graph\":[{\"@type\":\"WebPage\",\"@id\":\"https:\/\/crai.uca.edu.sv\/index.php\/test-noticias-adquisiciones\/\",\"url\":\"https:\/\/crai.uca.edu.sv\/index.php\/test-noticias-adquisiciones\/\",\"name\":\"Test-noticias-adquisiciones - Centro de Recursos para el Aprendizaje y la Investigaci\u00f3n P. Florentino Idoate, S.J.\",\"isPartOf\":{\"@id\":\"https:\/\/crai.uca.edu.sv\/#website\"},\"datePublished\":\"2025-03-11T14:52:17+00:00\",\"dateModified\":\"2025-03-14T21:06:32+00:00\",\"breadcrumb\":{\"@id\":\"https:\/\/crai.uca.edu.sv\/index.php\/test-noticias-adquisiciones\/#breadcrumb\"},\"inLanguage\":\"es\",\"potentialAction\":[{\"@type\":\"ReadAction\",\"target\":[\"https:\/\/crai.uca.edu.sv\/index.php\/test-noticias-adquisiciones\/\"]}]},{\"@type\":\"BreadcrumbList\",\"@id\":\"https:\/\/crai.uca.edu.sv\/index.php\/test-noticias-adquisiciones\/#breadcrumb\",\"itemListElement\":[{\"@type\":\"ListItem\",\"position\":1,\"name\":\"Portada\",\"item\":\"https:\/\/crai.uca.edu.sv\/\"},{\"@type\":\"ListItem\",\"position\":2,\"name\":\"Test-noticias-adquisiciones\"}]},{\"@type\":\"WebSite\",\"@id\":\"https:\/\/crai.uca.edu.sv\/#website\",\"url\":\"https:\/\/crai.uca.edu.sv\/\",\"name\":\"Centro de Recursos para el Aprendizaje y la Investigaci\u00f3n P. Florentino Idoate, S.J.\",\"description\":\"Sitio web del CRAI UCA\",\"publisher\":{\"@id\":\"https:\/\/crai.uca.edu.sv\/#organization\"},\"potentialAction\":[{\"@type\":\"SearchAction\",\"target\":{\"@type\":\"EntryPoint\",\"urlTemplate\":\"https:\/\/crai.uca.edu.sv\/?s={search_term_string}\"},\"query-input\":{\"@type\":\"PropertyValueSpecification\",\"valueRequired\":true,\"valueName\":\"search_term_string\"}}],\"inLanguage\":\"es\"},{\"@type\":\"Organization\",\"@id\":\"https:\/\/crai.uca.edu.sv\/#organization\",\"name\":\"Centro de Recursos para el Aprendizaje y la Investigaci\u00f3n P. Florentino Idoate, S.J.\",\"url\":\"https:\/\/crai.uca.edu.sv\/\",\"logo\":{\"@type\":\"ImageObject\",\"inLanguage\":\"es\",\"@id\":\"https:\/\/crai.uca.edu.sv\/#\/schema\/logo\/image\/\",\"url\":\"https:\/\/crai.uca.edu.sv\/wp-content\/uploads\/2024\/02\/cropped-logo-uca-Video-1.png\",\"contentUrl\":\"https:\/\/crai.uca.edu.sv\/wp-content\/uploads\/2024\/02\/cropped-logo-uca-Video-1.png\",\"width\":512,\"height\":512,\"caption\":\"Centro de Recursos para el Aprendizaje y la Investigaci\u00f3n P. Florentino Idoate, S.J.\"},\"image\":{\"@id\":\"https:\/\/crai.uca.edu.sv\/#\/schema\/logo\/image\/\"}}]}<\/script>\n<!-- \/ Yoast SEO plugin. -->","yoast_head_json":{"title":"Test-noticias-adquisiciones - Centro de Recursos para el Aprendizaje y la Investigaci\u00f3n P. Florentino Idoate, S.J.","robots":{"index":"index","follow":"follow","max-snippet":"max-snippet:-1","max-image-preview":"max-image-preview:large","max-video-preview":"max-video-preview:-1"},"canonical":"https:\/\/crai.uca.edu.sv\/index.php\/test-noticias-adquisiciones\/","og_locale":"es_ES","og_type":"article","og_title":"Test-noticias-adquisiciones - Centro de Recursos para el Aprendizaje y la Investigaci\u00f3n P. Florentino Idoate, S.J.","og_description":"Nuevas Adquisiciones Sugerir adquisici\u00f3n de material bibliogr\u00e1fico Eventos y noticias","og_url":"https:\/\/crai.uca.edu.sv\/index.php\/test-noticias-adquisiciones\/","og_site_name":"Centro de Recursos para el Aprendizaje y la Investigaci\u00f3n P. Florentino Idoate, S.J.","article_modified_time":"2025-03-14T21:06:32+00:00","twitter_card":"summary_large_image","schema":{"@context":"https:\/\/schema.org","@graph":[{"@type":"WebPage","@id":"https:\/\/crai.uca.edu.sv\/index.php\/test-noticias-adquisiciones\/","url":"https:\/\/crai.uca.edu.sv\/index.php\/test-noticias-adquisiciones\/","name":"Test-noticias-adquisiciones - Centro de Recursos para el Aprendizaje y la Investigaci\u00f3n P. Florentino Idoate, S.J.","isPartOf":{"@id":"https:\/\/crai.uca.edu.sv\/#website"},"datePublished":"2025-03-11T14:52:17+00:00","dateModified":"2025-03-14T21:06:32+00:00","breadcrumb":{"@id":"https:\/\/crai.uca.edu.sv\/index.php\/test-noticias-adquisiciones\/#breadcrumb"},"inLanguage":"es","potentialAction":[{"@type":"ReadAction","target":["https:\/\/crai.uca.edu.sv\/index.php\/test-noticias-adquisiciones\/"]}]},{"@type":"BreadcrumbList","@id":"https:\/\/crai.uca.edu.sv\/index.php\/test-noticias-adquisiciones\/#breadcrumb","itemListElement":[{"@type":"ListItem","position":1,"name":"Portada","item":"https:\/\/crai.uca.edu.sv\/"},{"@type":"ListItem","position":2,"name":"Test-noticias-adquisiciones"}]},{"@type":"WebSite","@id":"https:\/\/crai.uca.edu.sv\/#website","url":"https:\/\/crai.uca.edu.sv\/","name":"Centro de Recursos para el Aprendizaje y la Investigaci\u00f3n P. Florentino Idoate, S.J.","description":"Sitio web del CRAI UCA","publisher":{"@id":"https:\/\/crai.uca.edu.sv\/#organization"},"potentialAction":[{"@type":"SearchAction","target":{"@type":"EntryPoint","urlTemplate":"https:\/\/crai.uca.edu.sv\/?s={search_term_string}"},"query-input":{"@type":"PropertyValueSpecification","valueRequired":true,"valueName":"search_term_string"}}],"inLanguage":"es"},{"@type":"Organization","@id":"https:\/\/crai.uca.edu.sv\/#organization","name":"Centro de Recursos para el Aprendizaje y la Investigaci\u00f3n P. Florentino Idoate, S.J.","url":"https:\/\/crai.uca.edu.sv\/","logo":{"@type":"ImageObject","inLanguage":"es","@id":"https:\/\/crai.uca.edu.sv\/#\/schema\/logo\/image\/","url":"https:\/\/crai.uca.edu.sv\/wp-content\/uploads\/2024\/02\/cropped-logo-uca-Video-1.png","contentUrl":"https:\/\/crai.uca.edu.sv\/wp-content\/uploads\/2024\/02\/cropped-logo-uca-Video-1.png","width":512,"height":512,"caption":"Centro de Recursos para el Aprendizaje y la Investigaci\u00f3n P. Florentino Idoate, S.J."},"image":{"@id":"https:\/\/crai.uca.edu.sv\/#\/schema\/logo\/image\/"}}]}},"_links":{"self":[{"href":"https:\/\/crai.uca.edu.sv\/index.php\/wp-json\/wp\/v2\/pages\/2286","targetHints":{"allow":["GET"]}}],"collection":[{"href":"https:\/\/crai.uca.edu.sv\/index.php\/wp-json\/wp\/v2\/pages"}],"about":[{"href":"https:\/\/crai.uca.edu.sv\/index.php\/wp-json\/wp\/v2\/types\/page"}],"author":[{"embeddable":true,"href":"https:\/\/crai.uca.edu.sv\/index.php\/wp-json\/wp\/v2\/users\/1"}],"replies":[{"embeddable":true,"href":"https:\/\/crai.uca.edu.sv\/index.php\/wp-json\/wp\/v2\/comments?post=2286"}],"version-history":[{"count":25,"href":"https:\/\/crai.uca.edu.sv\/index.php\/wp-json\/wp\/v2\/pages\/2286\/revisions"}],"predecessor-version":[{"id":2359,"href":"https:\/\/crai.uca.edu.sv\/index.php\/wp-json\/wp\/v2\/pages\/2286\/revisions\/2359"}],"wp:attachment":[{"href":"https:\/\/crai.uca.edu.sv\/index.php\/wp-json\/wp\/v2\/media?parent=2286"}],"curies":[{"name":"wp","href":"https:\/\/api.w.org\/{rel}","templated":true}]}}