{"id":1793,"date":"2024-02-29T15:20:48","date_gmt":"2024-02-29T15:20:48","guid":{"rendered":"https:\/\/biblioteca.uca.edu.sv\/?page_id=1793"},"modified":"2024-03-05T16:38:00","modified_gmt":"2024-03-05T16:38:00","slug":"directorio","status":"publish","type":"page","link":"https:\/\/crai.uca.edu.sv\/index.php\/directorio\/","title":{"rendered":"Directorio"},"content":{"rendered":"\t\t<div data-elementor-type=\"wp-page\" data-elementor-id=\"1793\" class=\"elementor elementor-1793\" data-elementor-post-type=\"page\">\n\t\t\t\t\t\t<section class=\"elementor-section elementor-top-section elementor-element elementor-element-287dc0d7 elementor-section-content-middle elementor-section-boxed elementor-section-height-default elementor-section-height-default\" data-id=\"287dc0d7\" data-element_type=\"section\" data-settings=\"{&quot;background_background&quot;:&quot;classic&quot;}\">\n\t\t\t\t\t\t\t<div class=\"elementor-background-overlay\"><\/div>\n\t\t\t\t\t\t\t<div class=\"elementor-container elementor-column-gap-no\">\n\t\t\t\t\t<div class=\"elementor-column elementor-col-100 elementor-top-column elementor-element elementor-element-7913ec33\" data-id=\"7913ec33\" data-element_type=\"column\">\n\t\t\t<div class=\"elementor-widget-wrap elementor-element-populated\">\n\t\t\t\t\t\t<div class=\"elementor-element elementor-element-4610f1ff elementor-widget elementor-widget-heading\" data-id=\"4610f1ff\" data-element_type=\"widget\" data-widget_type=\"heading.default\">\n\t\t\t\t<div class=\"elementor-widget-container\">\n\t\t\t\t\t<h1 class=\"elementor-heading-title elementor-size-default\">Directorio<\/h1>\t\t\t\t<\/div>\n\t\t\t\t<\/div>\n\t\t\t\t\t<\/div>\n\t\t<\/div>\n\t\t\t\t\t<\/div>\n\t\t<\/section>\n\t\t<div class=\"elementor-element elementor-element-b3ad0ba e-flex e-con-boxed e-con e-parent\" data-id=\"b3ad0ba\" data-element_type=\"container\">\n\t\t\t\t\t<div class=\"e-con-inner\">\n\t\t<div class=\"elementor-element elementor-element-de61017 e-con-full e-flex e-con e-child\" data-id=\"de61017\" data-element_type=\"container\">\n\t\t<div class=\"elementor-element elementor-element-7d30977 e-flex e-con-boxed e-con e-child\" data-id=\"7d30977\" data-element_type=\"container\">\n\t\t\t\t\t<div class=\"e-con-inner\">\n\t\t\t\t<div class=\"elementor-element elementor-element-45c231a elementor-widget elementor-widget-heading\" data-id=\"45c231a\" data-element_type=\"widget\" data-widget_type=\"heading.default\">\n\t\t\t\t<div class=\"elementor-widget-container\">\n\t\t\t\t\t<h2 class=\"elementor-heading-title elementor-size-default\">Planta Baja<\/h2>\t\t\t\t<\/div>\n\t\t\t\t<\/div>\n\t\t\t\t\t<\/div>\n\t\t\t\t<\/div>\n\t\t<div class=\"elementor-element elementor-element-f30136c e-flex e-con-boxed e-con e-child\" data-id=\"f30136c\" data-element_type=\"container\">\n\t\t\t\t\t<div class=\"e-con-inner\">\n\t\t\t\t<div class=\"elementor-element elementor-element-ee7b963 elementor-widget elementor-widget-text-editor\" data-id=\"ee7b963\" data-element_type=\"widget\" data-widget_type=\"text-editor.default\">\n\t\t\t\t<div class=\"elementor-widget-container\">\n\t\t\t\t\t\t\t\t\t<p>Secretar\u00eda e informaci\u00f3n: 407<\/p><p>Acervos hist\u00f3ricos: 406<\/p>\t\t\t\t\t\t\t\t<\/div>\n\t\t\t\t<\/div>\n\t\t\t\t\t<\/div>\n\t\t\t\t<\/div>\n\t\t\t\t<\/div>\n\t\t<div class=\"elementor-element elementor-element-5866119 e-con-full e-flex e-con e-child\" data-id=\"5866119\" data-element_type=\"container\">\n\t\t<div class=\"elementor-element elementor-element-6853cd0 e-flex e-con-boxed e-con e-child\" data-id=\"6853cd0\" data-element_type=\"container\">\n\t\t\t\t\t<div class=\"e-con-inner\">\n\t\t\t\t<div class=\"elementor-element elementor-element-d5f7e3c elementor-widget elementor-widget-heading\" data-id=\"d5f7e3c\" data-element_type=\"widget\" data-widget_type=\"heading.default\">\n\t\t\t\t<div class=\"elementor-widget-container\">\n\t\t\t\t\t<h2 class=\"elementor-heading-title elementor-size-default\">Nivel 1<\/h2>\t\t\t\t<\/div>\n\t\t\t\t<\/div>\n\t\t\t\t\t<\/div>\n\t\t\t\t<\/div>\n\t\t<div class=\"elementor-element elementor-element-f082f69 e-flex e-con-boxed e-con e-child\" data-id=\"f082f69\" data-element_type=\"container\">\n\t\t\t\t\t<div class=\"e-con-inner\">\n\t\t\t\t<div class=\"elementor-element elementor-element-bae54d3 elementor-widget elementor-widget-text-editor\" data-id=\"bae54d3\" data-element_type=\"widget\" data-widget_type=\"text-editor.default\">\n\t\t\t\t<div class=\"elementor-widget-container\">\n\t\t\t\t\t\t\t\t\t<p>Caja y porter\u00eda de entrada: 408<\/p><p>Escritorio de pr\u00e9stamos y jefatura de servicios acad\u00e9micos: 948<\/p>\t\t\t\t\t\t\t\t<\/div>\n\t\t\t\t<\/div>\n\t\t\t\t\t<\/div>\n\t\t\t\t<\/div>\n\t\t\t\t<\/div>\n\t\t<div class=\"elementor-element elementor-element-7415fe3 e-con-full e-flex e-con e-child\" data-id=\"7415fe3\" data-element_type=\"container\">\n\t\t<div class=\"elementor-element elementor-element-739e0aa e-flex e-con-boxed e-con e-child\" data-id=\"739e0aa\" data-element_type=\"container\">\n\t\t\t\t\t<div class=\"e-con-inner\">\n\t\t\t\t<div class=\"elementor-element elementor-element-4168868 elementor-widget elementor-widget-heading\" data-id=\"4168868\" data-element_type=\"widget\" data-widget_type=\"heading.default\">\n\t\t\t\t<div class=\"elementor-widget-container\">\n\t\t\t\t\t<h2 class=\"elementor-heading-title elementor-size-default\">Nivel 2<\/h2>\t\t\t\t<\/div>\n\t\t\t\t<\/div>\n\t\t\t\t\t<\/div>\n\t\t\t\t<\/div>\n\t\t<div class=\"elementor-element elementor-element-2146f22 e-flex e-con-boxed e-con e-child\" data-id=\"2146f22\" data-element_type=\"container\">\n\t\t\t\t\t<div class=\"e-con-inner\">\n\t\t\t\t<div class=\"elementor-element elementor-element-f5cc612 elementor-widget elementor-widget-text-editor\" data-id=\"f5cc612\" data-element_type=\"widget\" data-widget_type=\"text-editor.default\">\n\t\t\t\t<div class=\"elementor-widget-container\">\n\t\t\t\t\t\t\t\t\t<p>Escritorio de pr\u00e9stamos: 407<\/p>\t\t\t\t\t\t\t\t<\/div>\n\t\t\t\t<\/div>\n\t\t\t\t\t<\/div>\n\t\t\t\t<\/div>\n\t\t\t\t<\/div>\n\t\t\t\t\t<\/div>\n\t\t\t\t<\/div>\n\t\t<div class=\"elementor-element elementor-element-8070bc5 e-flex e-con-boxed e-con e-parent\" data-id=\"8070bc5\" data-element_type=\"container\">\n\t\t\t\t\t<div class=\"e-con-inner\">\n\t\t<div class=\"elementor-element elementor-element-60c18ae e-con-full e-flex e-con e-child\" data-id=\"60c18ae\" data-element_type=\"container\">\n\t\t<div class=\"elementor-element elementor-element-6a051d3 e-flex e-con-boxed e-con e-child\" data-id=\"6a051d3\" data-element_type=\"container\">\n\t\t\t\t\t<div class=\"e-con-inner\">\n\t\t\t\t<div class=\"elementor-element elementor-element-9a1296e elementor-widget elementor-widget-heading\" data-id=\"9a1296e\" data-element_type=\"widget\" data-widget_type=\"heading.default\">\n\t\t\t\t<div class=\"elementor-widget-container\">\n\t\t\t\t\t<h2 class=\"elementor-heading-title elementor-size-default\">Nivel 3<\/h2>\t\t\t\t<\/div>\n\t\t\t\t<\/div>\n\t\t\t\t\t<\/div>\n\t\t\t\t<\/div>\n\t\t<div class=\"elementor-element elementor-element-8a65f17 e-flex e-con-boxed e-con e-child\" data-id=\"8a65f17\" data-element_type=\"container\">\n\t\t\t\t\t<div class=\"e-con-inner\">\n\t\t\t\t<div class=\"elementor-element elementor-element-74dbacd elementor-widget elementor-widget-text-editor\" data-id=\"74dbacd\" data-element_type=\"widget\" data-widget_type=\"text-editor.default\">\n\t\t\t\t<div class=\"elementor-widget-container\">\n\t\t\t\t\t\t\t\t\t<p>Coordinaci\u00f3n administrativa: 280<\/p><p>\u00a0Catalogaci\u00f3n y An\u00e1lisis Documental: 407<\/p><p>Coordinaci\u00f3n de Adquisiciones: 657<\/p><p>Equipo de Formaci\u00f3n y Enlace Acad\u00e9mico: 278, 407<\/p><p>Sistemas de Biblioteca: 407<\/p><p>Jefatura de Desarrollo de Colecciones: 403<\/p><p>Direcci\u00f3n: 407, 280<\/p>\t\t\t\t\t\t\t\t<\/div>\n\t\t\t\t<\/div>\n\t\t\t\t\t<\/div>\n\t\t\t\t<\/div>\n\t\t\t\t<\/div>\n\t\t<div class=\"elementor-element elementor-element-c69a0d3 e-con-full e-flex e-con e-child\" data-id=\"c69a0d3\" data-element_type=\"container\">\n\t\t<div class=\"elementor-element elementor-element-3757c1c e-flex e-con-boxed e-con e-child\" data-id=\"3757c1c\" data-element_type=\"container\">\n\t\t\t\t\t<div class=\"e-con-inner\">\n\t\t\t\t<div class=\"elementor-element elementor-element-0f3ec39 elementor-widget elementor-widget-heading\" data-id=\"0f3ec39\" data-element_type=\"widget\" data-widget_type=\"heading.default\">\n\t\t\t\t<div class=\"elementor-widget-container\">\n\t\t\t\t\t<h2 class=\"elementor-heading-title elementor-size-default\"><span class=\"elementor-heading-title elementor-size-default elementor-inline-editing pen\" data-elementor-setting-key=\"title\" data-pen-placeholder=\"Teclea aqu\u00ed...\" style=\"letter-spacing: -0.02em\">Biblioteca P.  Florentino Idoate, S.J. - Centro de Recursos para el Aprendizaje y la Investigaci\u00f3n<\/span><\/h2>\t\t\t\t<\/div>\n\t\t\t\t<\/div>\n\t\t\t\t\t<\/div>\n\t\t\t\t<\/div>\n\t\t<div class=\"elementor-element elementor-element-58b9c79 e-flex e-con-boxed e-con e-child\" data-id=\"58b9c79\" data-element_type=\"container\">\n\t\t\t\t\t<div class=\"e-con-inner\">\n\t\t\t\t<div class=\"elementor-element elementor-element-1987f00 elementor-widget elementor-widget-text-editor\" data-id=\"1987f00\" data-element_type=\"widget\" data-widget_type=\"text-editor.default\">\n\t\t\t\t<div class=\"elementor-widget-container\">\n\t\t\t\t\t\t\t\t\t<p>Call Center &#8211; WhatsApp: 503-69286914<\/p>\t\t\t\t\t\t\t\t<\/div>\n\t\t\t\t<\/div>\n\t\t\t\t\t<\/div>\n\t\t\t\t<\/div>\n\t\t\t\t<\/div>\n\t\t\t\t\t<\/div>\n\t\t\t\t<\/div>\n\t\t\t\t<\/div>\n\t\t","protected":false},"excerpt":{"rendered":"<p>Directorio Planta Baja Secretar\u00eda e informaci\u00f3n: 407 Acervos hist\u00f3ricos: 406 Nivel 1 Caja y porter\u00eda de entrada: 408 Escritorio de pr\u00e9stamos y jefatura de servicios acad\u00e9micos: 948 Nivel 2 Escritorio de pr\u00e9stamos: 407 Nivel 3 Coordinaci\u00f3n administrativa: 280 \u00a0Catalogaci\u00f3n y An\u00e1lisis Documental: 407 Coordinaci\u00f3n de Adquisiciones: 657 Equipo de Formaci\u00f3n y Enlace Acad\u00e9mico: 278, 407&hellip;<\/p>\n","protected":false},"author":1,"featured_media":0,"parent":0,"menu_order":0,"comment_status":"closed","ping_status":"closed","template":"","meta":{"footnotes":""},"class_list":["post-1793","page","type-page","status-publish","hentry"],"yoast_head":"<!-- This site is optimized with the Yoast SEO plugin v24.9 - https:\/\/yoast.com\/wordpress\/plugins\/seo\/ -->\n<title>Directorio - Centro de Recursos para el Aprendizaje y la Investigaci\u00f3n P. Florentino Idoate, S.J.<\/title>\n<meta name=\"robots\" content=\"index, follow, max-snippet:-1, max-image-preview:large, max-video-preview:-1\" \/>\n<link rel=\"canonical\" href=\"https:\/\/crai.uca.edu.sv\/index.php\/directorio\/\" \/>\n<meta property=\"og:locale\" content=\"es_ES\" \/>\n<meta property=\"og:type\" content=\"article\" \/>\n<meta property=\"og:title\" content=\"Directorio - Centro de Recursos para el Aprendizaje y la Investigaci\u00f3n P. Florentino Idoate, S.J.\" \/>\n<meta property=\"og:description\" content=\"Directorio Planta Baja Secretar\u00eda e informaci\u00f3n: 407 Acervos hist\u00f3ricos: 406 Nivel 1 Caja y porter\u00eda de entrada: 408 Escritorio de pr\u00e9stamos y jefatura de servicios acad\u00e9micos: 948 Nivel 2 Escritorio de pr\u00e9stamos: 407 Nivel 3 Coordinaci\u00f3n administrativa: 280 \u00a0Catalogaci\u00f3n y An\u00e1lisis Documental: 407 Coordinaci\u00f3n de Adquisiciones: 657 Equipo de Formaci\u00f3n y Enlace Acad\u00e9mico: 278, 407&hellip;\" \/>\n<meta property=\"og:url\" content=\"https:\/\/crai.uca.edu.sv\/index.php\/directorio\/\" \/>\n<meta property=\"og:site_name\" content=\"Centro de Recursos para el Aprendizaje y la Investigaci\u00f3n P. Florentino Idoate, S.J.\" \/>\n<meta property=\"article:modified_time\" content=\"2024-03-05T16:38:00+00:00\" \/>\n<meta name=\"twitter:card\" content=\"summary_large_image\" \/>\n<script type=\"application\/ld+json\" class=\"yoast-schema-graph\">{\"@context\":\"https:\/\/schema.org\",\"@graph\":[{\"@type\":\"WebPage\",\"@id\":\"https:\/\/crai.uca.edu.sv\/index.php\/directorio\/\",\"url\":\"https:\/\/crai.uca.edu.sv\/index.php\/directorio\/\",\"name\":\"Directorio - Centro de Recursos para el Aprendizaje y la Investigaci\u00f3n P. Florentino Idoate, S.J.\",\"isPartOf\":{\"@id\":\"https:\/\/crai.uca.edu.sv\/#website\"},\"datePublished\":\"2024-02-29T15:20:48+00:00\",\"dateModified\":\"2024-03-05T16:38:00+00:00\",\"breadcrumb\":{\"@id\":\"https:\/\/crai.uca.edu.sv\/index.php\/directorio\/#breadcrumb\"},\"inLanguage\":\"es\",\"potentialAction\":[{\"@type\":\"ReadAction\",\"target\":[\"https:\/\/crai.uca.edu.sv\/index.php\/directorio\/\"]}]},{\"@type\":\"BreadcrumbList\",\"@id\":\"https:\/\/crai.uca.edu.sv\/index.php\/directorio\/#breadcrumb\",\"itemListElement\":[{\"@type\":\"ListItem\",\"position\":1,\"name\":\"Portada\",\"item\":\"https:\/\/crai.uca.edu.sv\/\"},{\"@type\":\"ListItem\",\"position\":2,\"name\":\"Directorio\"}]},{\"@type\":\"WebSite\",\"@id\":\"https:\/\/crai.uca.edu.sv\/#website\",\"url\":\"https:\/\/crai.uca.edu.sv\/\",\"name\":\"Centro de Recursos para el Aprendizaje y la Investigaci\u00f3n P. Florentino Idoate, S.J.\",\"description\":\"Sitio web del CRAI UCA\",\"publisher\":{\"@id\":\"https:\/\/crai.uca.edu.sv\/#organization\"},\"potentialAction\":[{\"@type\":\"SearchAction\",\"target\":{\"@type\":\"EntryPoint\",\"urlTemplate\":\"https:\/\/crai.uca.edu.sv\/?s={search_term_string}\"},\"query-input\":{\"@type\":\"PropertyValueSpecification\",\"valueRequired\":true,\"valueName\":\"search_term_string\"}}],\"inLanguage\":\"es\"},{\"@type\":\"Organization\",\"@id\":\"https:\/\/crai.uca.edu.sv\/#organization\",\"name\":\"Centro de Recursos para el Aprendizaje y la Investigaci\u00f3n P. Florentino Idoate, S.J.\",\"url\":\"https:\/\/crai.uca.edu.sv\/\",\"logo\":{\"@type\":\"ImageObject\",\"inLanguage\":\"es\",\"@id\":\"https:\/\/crai.uca.edu.sv\/#\/schema\/logo\/image\/\",\"url\":\"https:\/\/crai.uca.edu.sv\/wp-content\/uploads\/2024\/02\/cropped-logo-uca-Video-1.png\",\"contentUrl\":\"https:\/\/crai.uca.edu.sv\/wp-content\/uploads\/2024\/02\/cropped-logo-uca-Video-1.png\",\"width\":512,\"height\":512,\"caption\":\"Centro de Recursos para el Aprendizaje y la Investigaci\u00f3n P. Florentino Idoate, S.J.\"},\"image\":{\"@id\":\"https:\/\/crai.uca.edu.sv\/#\/schema\/logo\/image\/\"}}]}<\/script>\n<!-- \/ Yoast SEO plugin. -->","yoast_head_json":{"title":"Directorio - Centro de Recursos para el Aprendizaje y la Investigaci\u00f3n P. Florentino Idoate, S.J.","robots":{"index":"index","follow":"follow","max-snippet":"max-snippet:-1","max-image-preview":"max-image-preview:large","max-video-preview":"max-video-preview:-1"},"canonical":"https:\/\/crai.uca.edu.sv\/index.php\/directorio\/","og_locale":"es_ES","og_type":"article","og_title":"Directorio - Centro de Recursos para el Aprendizaje y la Investigaci\u00f3n P. Florentino Idoate, S.J.","og_description":"Directorio Planta Baja Secretar\u00eda e informaci\u00f3n: 407 Acervos hist\u00f3ricos: 406 Nivel 1 Caja y porter\u00eda de entrada: 408 Escritorio de pr\u00e9stamos y jefatura de servicios acad\u00e9micos: 948 Nivel 2 Escritorio de pr\u00e9stamos: 407 Nivel 3 Coordinaci\u00f3n administrativa: 280 \u00a0Catalogaci\u00f3n y An\u00e1lisis Documental: 407 Coordinaci\u00f3n de Adquisiciones: 657 Equipo de Formaci\u00f3n y Enlace Acad\u00e9mico: 278, 407&hellip;","og_url":"https:\/\/crai.uca.edu.sv\/index.php\/directorio\/","og_site_name":"Centro de Recursos para el Aprendizaje y la Investigaci\u00f3n P. Florentino Idoate, S.J.","article_modified_time":"2024-03-05T16:38:00+00:00","twitter_card":"summary_large_image","schema":{"@context":"https:\/\/schema.org","@graph":[{"@type":"WebPage","@id":"https:\/\/crai.uca.edu.sv\/index.php\/directorio\/","url":"https:\/\/crai.uca.edu.sv\/index.php\/directorio\/","name":"Directorio - Centro de Recursos para el Aprendizaje y la Investigaci\u00f3n P. Florentino Idoate, S.J.","isPartOf":{"@id":"https:\/\/crai.uca.edu.sv\/#website"},"datePublished":"2024-02-29T15:20:48+00:00","dateModified":"2024-03-05T16:38:00+00:00","breadcrumb":{"@id":"https:\/\/crai.uca.edu.sv\/index.php\/directorio\/#breadcrumb"},"inLanguage":"es","potentialAction":[{"@type":"ReadAction","target":["https:\/\/crai.uca.edu.sv\/index.php\/directorio\/"]}]},{"@type":"BreadcrumbList","@id":"https:\/\/crai.uca.edu.sv\/index.php\/directorio\/#breadcrumb","itemListElement":[{"@type":"ListItem","position":1,"name":"Portada","item":"https:\/\/crai.uca.edu.sv\/"},{"@type":"ListItem","position":2,"name":"Directorio"}]},{"@type":"WebSite","@id":"https:\/\/crai.uca.edu.sv\/#website","url":"https:\/\/crai.uca.edu.sv\/","name":"Centro de Recursos para el Aprendizaje y la Investigaci\u00f3n P. Florentino Idoate, S.J.","description":"Sitio web del CRAI UCA","publisher":{"@id":"https:\/\/crai.uca.edu.sv\/#organization"},"potentialAction":[{"@type":"SearchAction","target":{"@type":"EntryPoint","urlTemplate":"https:\/\/crai.uca.edu.sv\/?s={search_term_string}"},"query-input":{"@type":"PropertyValueSpecification","valueRequired":true,"valueName":"search_term_string"}}],"inLanguage":"es"},{"@type":"Organization","@id":"https:\/\/crai.uca.edu.sv\/#organization","name":"Centro de Recursos para el Aprendizaje y la Investigaci\u00f3n P. Florentino Idoate, S.J.","url":"https:\/\/crai.uca.edu.sv\/","logo":{"@type":"ImageObject","inLanguage":"es","@id":"https:\/\/crai.uca.edu.sv\/#\/schema\/logo\/image\/","url":"https:\/\/crai.uca.edu.sv\/wp-content\/uploads\/2024\/02\/cropped-logo-uca-Video-1.png","contentUrl":"https:\/\/crai.uca.edu.sv\/wp-content\/uploads\/2024\/02\/cropped-logo-uca-Video-1.png","width":512,"height":512,"caption":"Centro de Recursos para el Aprendizaje y la Investigaci\u00f3n P. Florentino Idoate, S.J."},"image":{"@id":"https:\/\/crai.uca.edu.sv\/#\/schema\/logo\/image\/"}}]}},"_links":{"self":[{"href":"https:\/\/crai.uca.edu.sv\/index.php\/wp-json\/wp\/v2\/pages\/1793","targetHints":{"allow":["GET"]}}],"collection":[{"href":"https:\/\/crai.uca.edu.sv\/index.php\/wp-json\/wp\/v2\/pages"}],"about":[{"href":"https:\/\/crai.uca.edu.sv\/index.php\/wp-json\/wp\/v2\/types\/page"}],"author":[{"embeddable":true,"href":"https:\/\/crai.uca.edu.sv\/index.php\/wp-json\/wp\/v2\/users\/1"}],"replies":[{"embeddable":true,"href":"https:\/\/crai.uca.edu.sv\/index.php\/wp-json\/wp\/v2\/comments?post=1793"}],"version-history":[{"count":46,"href":"https:\/\/crai.uca.edu.sv\/index.php\/wp-json\/wp\/v2\/pages\/1793\/revisions"}],"predecessor-version":[{"id":1871,"href":"https:\/\/crai.uca.edu.sv\/index.php\/wp-json\/wp\/v2\/pages\/1793\/revisions\/1871"}],"wp:attachment":[{"href":"https:\/\/crai.uca.edu.sv\/index.php\/wp-json\/wp\/v2\/media?parent=1793"}],"curies":[{"name":"wp","href":"https:\/\/api.w.org\/{rel}","templated":true}]}}