{"id":1465,"date":"2024-02-19T14:40:10","date_gmt":"2024-02-19T14:40:10","guid":{"rendered":"https:\/\/biblioteca.uca.edu.sv\/?page_id=1465"},"modified":"2026-03-25T17:16:39","modified_gmt":"2026-03-25T17:16:39","slug":"canjes-y-donaciones-2","status":"publish","type":"page","link":"https:\/\/crai.uca.edu.sv\/index.php\/canjes-y-donaciones-2\/","title":{"rendered":"Canjes y donaciones"},"content":{"rendered":"\t\t<div data-elementor-type=\"wp-page\" data-elementor-id=\"1465\" class=\"elementor elementor-1465\" data-elementor-post-type=\"page\">\n\t\t\t\t\t\t<section class=\"elementor-section elementor-top-section elementor-element elementor-element-79093a97 elementor-section-content-middle elementor-section-boxed elementor-section-height-default elementor-section-height-default\" data-id=\"79093a97\" data-element_type=\"section\" data-settings=\"{&quot;background_background&quot;:&quot;classic&quot;}\">\n\t\t\t\t\t\t\t<div class=\"elementor-background-overlay\"><\/div>\n\t\t\t\t\t\t\t<div class=\"elementor-container elementor-column-gap-no\">\n\t\t\t\t\t<div class=\"elementor-column elementor-col-100 elementor-top-column elementor-element elementor-element-90fddcd\" data-id=\"90fddcd\" data-element_type=\"column\">\n\t\t\t<div class=\"elementor-widget-wrap elementor-element-populated\">\n\t\t\t\t\t\t<div class=\"elementor-element elementor-element-456ffb70 elementor-widget elementor-widget-heading\" data-id=\"456ffb70\" data-element_type=\"widget\" data-widget_type=\"heading.default\">\n\t\t\t\t<div class=\"elementor-widget-container\">\n\t\t\t\t\t<h1 class=\"elementor-heading-title elementor-size-default\">Canjes y donaciones<\/h1>\t\t\t\t<\/div>\n\t\t\t\t<\/div>\n\t\t\t\t\t<\/div>\n\t\t<\/div>\n\t\t\t\t\t<\/div>\n\t\t<\/section>\n\t\t<div class=\"elementor-element elementor-element-f030a45 e-flex e-con-boxed e-con e-parent\" data-id=\"f030a45\" data-element_type=\"container\">\n\t\t\t\t\t<div class=\"e-con-inner\">\n\t\t\t\t<div class=\"elementor-element elementor-element-a6f6278 elementor-widget elementor-widget-spacer\" data-id=\"a6f6278\" data-element_type=\"widget\" data-widget_type=\"spacer.default\">\n\t\t\t\t<div class=\"elementor-widget-container\">\n\t\t\t\t\t\t\t<div class=\"elementor-spacer\">\n\t\t\t<div class=\"elementor-spacer-inner\"><\/div>\n\t\t<\/div>\n\t\t\t\t\t\t<\/div>\n\t\t\t\t<\/div>\n\t\t\t\t\t<\/div>\n\t\t\t\t<\/div>\n\t\t<div class=\"elementor-element elementor-element-51ddd7e7 e-flex e-con-boxed e-con e-parent\" data-id=\"51ddd7e7\" data-element_type=\"container\">\n\t\t\t\t\t<div class=\"e-con-inner\">\n\t\t<div class=\"elementor-element elementor-element-7ca637bb e-flex e-con-boxed e-con e-child\" data-id=\"7ca637bb\" data-element_type=\"container\">\n\t\t\t\t\t<div class=\"e-con-inner\">\n\t\t<div class=\"elementor-element elementor-element-30968c03 e-con-full e-flex e-con e-child\" data-id=\"30968c03\" data-element_type=\"container\">\n\t\t\t\t<div class=\"elementor-element elementor-element-66435f elementor-view-stacked elementor-shape-circle elementor-position-top elementor-mobile-position-top elementor-widget elementor-widget-icon-box\" data-id=\"66435f\" data-element_type=\"widget\" data-widget_type=\"icon-box.default\">\n\t\t\t\t<div class=\"elementor-widget-container\">\n\t\t\t\t\t\t\t<div class=\"elementor-icon-box-wrapper\">\n\n\t\t\t\t\t\t<div class=\"elementor-icon-box-icon\">\n\t\t\t\t<span  class=\"elementor-icon elementor-animation-\">\n\t\t\t\t<svg aria-hidden=\"true\" class=\"e-font-icon-svg e-fas-exchange-alt\" viewBox=\"0 0 512 512\" xmlns=\"http:\/\/www.w3.org\/2000\/svg\"><path d=\"M0 168v-16c0-13.255 10.745-24 24-24h360V80c0-21.367 25.899-32.042 40.971-16.971l80 80c9.372 9.373 9.372 24.569 0 33.941l-80 80C409.956 271.982 384 261.456 384 240v-48H24c-13.255 0-24-10.745-24-24zm488 152H128v-48c0-21.314-25.862-32.08-40.971-16.971l-80 80c-9.372 9.373-9.372 24.569 0 33.941l80 80C102.057 463.997 128 453.437 128 432v-48h360c13.255 0 24-10.745 24-24v-16c0-13.255-10.745-24-24-24z\"><\/path><\/svg>\t\t\t\t<\/span>\n\t\t\t<\/div>\n\t\t\t\n\t\t\t\n\t\t<\/div>\n\t\t\t\t\t\t<\/div>\n\t\t\t\t<\/div>\n\t\t\t\t<\/div>\n\t\t<div class=\"elementor-element elementor-element-2a1ea38f e-flex e-con-boxed e-con e-child\" data-id=\"2a1ea38f\" data-element_type=\"container\">\n\t\t\t\t\t<div class=\"e-con-inner\">\n\t\t<div class=\"elementor-element elementor-element-2d10ee8c e-flex e-con-boxed e-con e-child\" data-id=\"2d10ee8c\" data-element_type=\"container\">\n\t\t\t\t\t<div class=\"e-con-inner\">\n\t\t\t\t<div class=\"elementor-element elementor-element-1f054fca elementor-widget elementor-widget-heading\" data-id=\"1f054fca\" data-element_type=\"widget\" data-widget_type=\"heading.default\">\n\t\t\t\t<div class=\"elementor-widget-container\">\n\t\t\t\t\t<h2 class=\"elementor-heading-title elementor-size-default\">Canjes<\/h2>\t\t\t\t<\/div>\n\t\t\t\t<\/div>\n\t\t\t\t\t<\/div>\n\t\t\t\t<\/div>\n\t\t<div class=\"elementor-element elementor-element-68270850 e-flex e-con-boxed e-con e-child\" data-id=\"68270850\" data-element_type=\"container\">\n\t\t\t\t\t<div class=\"e-con-inner\">\n\t\t\t\t<div class=\"elementor-element elementor-element-ace2c47 elementor-widget elementor-widget-text-editor\" data-id=\"ace2c47\" data-element_type=\"widget\" data-widget_type=\"text-editor.default\">\n\t\t\t\t<div class=\"elementor-widget-container\">\n\t\t\t\t\t\t\t\t\t<ol><li>El CRAI-Biblioteca P. Florentino Idoate, S.J., adquiere material bibliogr\u00e1fico mediante intercambio con instituciones cient\u00edficas y acad\u00e9micas.<\/li><li>Los t\u00e9rminos de intercambio se formalizan en un convenio, utilizando el formulario BI-002-002-A.<\/li><li>Se acepta material bibliogr\u00e1fico monogr\u00e1fico o seriado, con ciertas restricciones de antig\u00fcedad y relevancia.<\/li><li>Los t\u00edtulos recibidos deben cumplir con criterios de calidad cient\u00edfica, acad\u00e9mica o art\u00edstica y responder a las necesidades acad\u00e9micas de la Universidad.<\/li><li>Para m\u00e1s informaci\u00f3n, se puede contactar a <span style=\"color: #ff9000;\"><a style=\"color: #ff9000;\" target=\"_new\">sflores@uca.edu.sv<\/a>.<\/span><\/li><\/ol>\t\t\t\t\t\t\t\t<\/div>\n\t\t\t\t<\/div>\n\t\t\t\t\t<\/div>\n\t\t\t\t<\/div>\n\t\t\t\t\t<\/div>\n\t\t\t\t<\/div>\n\t\t\t\t\t<\/div>\n\t\t\t\t<\/div>\n\t\t\t\t\t<\/div>\n\t\t\t\t<\/div>\n\t\t<div class=\"elementor-element elementor-element-f9cc741 e-flex e-con-boxed e-con e-parent\" data-id=\"f9cc741\" data-element_type=\"container\">\n\t\t\t\t\t<div class=\"e-con-inner\">\n\t\t<div class=\"elementor-element elementor-element-ab6447e e-flex e-con-boxed e-con e-child\" data-id=\"ab6447e\" data-element_type=\"container\">\n\t\t\t\t\t<div class=\"e-con-inner\">\n\t\t<div class=\"elementor-element elementor-element-5569540 e-con-full e-flex e-con e-child\" data-id=\"5569540\" data-element_type=\"container\">\n\t\t\t\t<div class=\"elementor-element elementor-element-7771ff1 elementor-view-stacked elementor-shape-circle elementor-position-top elementor-mobile-position-top elementor-widget elementor-widget-icon-box\" data-id=\"7771ff1\" data-element_type=\"widget\" data-widget_type=\"icon-box.default\">\n\t\t\t\t<div class=\"elementor-widget-container\">\n\t\t\t\t\t\t\t<div class=\"elementor-icon-box-wrapper\">\n\n\t\t\t\t\t\t<div class=\"elementor-icon-box-icon\">\n\t\t\t\t<span  class=\"elementor-icon elementor-animation-\">\n\t\t\t\t<svg aria-hidden=\"true\" class=\"e-font-icon-svg e-fas-hand-holding\" viewBox=\"0 0 576 512\" xmlns=\"http:\/\/www.w3.org\/2000\/svg\"><path d=\"M565.3 328.1c-11.8-10.7-30.2-10-42.6 0L430.3 402c-11.3 9.1-25.4 14-40 14H272c-8.8 0-16-7.2-16-16s7.2-16 16-16h78.3c15.9 0 30.7-10.9 33.3-26.6 3.3-20-12.1-37.4-31.6-37.4H192c-27 0-53.1 9.3-74.1 26.3L71.4 384H16c-8.8 0-16 7.2-16 16v96c0 8.8 7.2 16 16 16h356.8c14.5 0 28.6-4.9 40-14L564 377c15.2-12.1 16.4-35.3 1.3-48.9z\"><\/path><\/svg>\t\t\t\t<\/span>\n\t\t\t<\/div>\n\t\t\t\n\t\t\t\n\t\t<\/div>\n\t\t\t\t\t\t<\/div>\n\t\t\t\t<\/div>\n\t\t\t\t<\/div>\n\t\t<div class=\"elementor-element elementor-element-fa2cdbb e-flex e-con-boxed e-con e-child\" data-id=\"fa2cdbb\" data-element_type=\"container\">\n\t\t\t\t\t<div class=\"e-con-inner\">\n\t\t<div class=\"elementor-element elementor-element-503647b e-flex e-con-boxed e-con e-child\" data-id=\"503647b\" data-element_type=\"container\">\n\t\t\t\t\t<div class=\"e-con-inner\">\n\t\t\t\t<div class=\"elementor-element elementor-element-38d9812 elementor-widget elementor-widget-heading\" data-id=\"38d9812\" data-element_type=\"widget\" data-widget_type=\"heading.default\">\n\t\t\t\t<div class=\"elementor-widget-container\">\n\t\t\t\t\t<h2 class=\"elementor-heading-title elementor-size-default\">Donaciones<\/h2>\t\t\t\t<\/div>\n\t\t\t\t<\/div>\n\t\t\t\t\t<\/div>\n\t\t\t\t<\/div>\n\t\t<div class=\"elementor-element elementor-element-051716d e-flex e-con-boxed e-con e-child\" data-id=\"051716d\" data-element_type=\"container\">\n\t\t\t\t\t<div class=\"e-con-inner\">\n\t\t\t\t<div class=\"elementor-element elementor-element-d71701d elementor-widget elementor-widget-text-editor\" data-id=\"d71701d\" data-element_type=\"widget\" data-widget_type=\"text-editor.default\">\n\t\t\t\t<div class=\"elementor-widget-container\">\n\t\t\t\t\t\t\t\t\t<div class=\"flex-1 overflow-hidden\"><div class=\"react-scroll-to-bottom--css-fcgtw-79elbk h-full\"><div class=\"react-scroll-to-bottom--css-fcgtw-1n7m0yu\"><div class=\"flex flex-col pb-9 text-sm\"><div class=\"w-full text-token-text-primary\" data-testid=\"conversation-turn-3\"><div class=\"px-4 py-2 justify-center text-base md:gap-6 m-auto\"><div class=\"flex flex-1 text-base mx-auto gap-3 md:px-5 lg:px-1 xl:px-5 md:max-w-3xl lg:max-w-[40rem] xl:max-w-[48rem] group final-completion\"><div class=\"relative flex w-full flex-col agent-turn\"><div class=\"flex-col gap-1 md:gap-3\"><div class=\"flex flex-grow flex-col max-w-full\"><div class=\"min-h-[20px] text-message flex flex-col items-start gap-3 whitespace-pre-wrap break-words [.text-message+&amp;]:mt-5 overflow-x-auto\" data-message-author-role=\"assistant\" data-message-id=\"84ab746e-6111-41e5-a0b1-e381f36e9496\"><div class=\"markdown prose w-full break-words dark:prose-invert light\"><ol><li>Las donaciones se aceptan siguiendo el C\u00f3digo Civil y la pol\u00edtica de la biblioteca, enfocada en evitar la obsolescencia del material.<\/li><li>Se establecen criterios espec\u00edficos de antig\u00fcedad del material aceptado por \u00e1rea de conocimiento.<\/li><li>Solo se acepta un ejemplar por t\u00edtulo, salvo excepciones espec\u00edficas relacionadas con los planes de estudio o el inter\u00e9s por El Salvador.<\/li><li>No se aceptan materiales que no cumplan con las normas de colecci\u00f3n, moralidad, o que est\u00e9n da\u00f1ados.<\/li><li>Los donantes deben proporcionar identificaci\u00f3n y completar el Formulario Recepci\u00f3n de Donaci\u00f3n BI-002-001-A, contactando a <span style=\"color: #ff9000;\"><a style=\"color: #ff9000;\" target=\"_new\">rhernandez@uca.edu.sv<\/a><\/span> para la pre-evaluaci\u00f3n.<\/li><\/ol><\/div><\/div><\/div><\/div><\/div><\/div><\/div><\/div><\/div><\/div><\/div><\/div>\t\t\t\t\t\t\t\t<\/div>\n\t\t\t\t<\/div>\n\t\t\t\t\t<\/div>\n\t\t\t\t<\/div>\n\t\t\t\t\t<\/div>\n\t\t\t\t<\/div>\n\t\t\t\t\t<\/div>\n\t\t\t\t<\/div>\n\t\t\t\t\t<\/div>\n\t\t\t\t<\/div>\n\t\t<div class=\"elementor-element elementor-element-d43884c e-flex e-con-boxed e-con e-parent\" data-id=\"d43884c\" data-element_type=\"container\">\n\t\t\t\t\t<div class=\"e-con-inner\">\n\t\t\t\t<div class=\"elementor-element elementor-element-d054c2a elementor-widget elementor-widget-spacer\" data-id=\"d054c2a\" data-element_type=\"widget\" data-widget_type=\"spacer.default\">\n\t\t\t\t<div class=\"elementor-widget-container\">\n\t\t\t\t\t\t\t<div class=\"elementor-spacer\">\n\t\t\t<div class=\"elementor-spacer-inner\"><\/div>\n\t\t<\/div>\n\t\t\t\t\t\t<\/div>\n\t\t\t\t<\/div>\n\t\t\t\t\t<\/div>\n\t\t\t\t<\/div>\n\t\t<div class=\"elementor-element elementor-element-178195b6 e-flex e-con-boxed e-con e-child\" data-id=\"178195b6\" data-element_type=\"container\">\n\t\t\t\t\t<div class=\"e-con-inner\">\n\t\t\t\t<div class=\"elementor-element elementor-element-7ab02ad5 elementor-align-center elementor-widget elementor-widget-button\" data-id=\"7ab02ad5\" data-element_type=\"widget\" data-widget_type=\"button.default\">\n\t\t\t\t<div class=\"elementor-widget-container\">\n\t\t\t\t\t\t\t\t\t<div class=\"elementor-button-wrapper\">\n\t\t\t\t\t<a class=\"elementor-button elementor-button-link elementor-size-sm elementor-animation-grow\" href=\"https:\/\/crai.uca.edu.sv\/wp-content\/uploads\/2026\/03\/CANJES-Y-DONACIONES_ACTUALIZACION_2024.pdf\" target=\"_blank\">\n\t\t\t\t\t\t<span class=\"elementor-button-content-wrapper\">\n\t\t\t\t\t\t\t\t\t<span class=\"elementor-button-text\">M\u00e1s informaci\u00f3n<\/span>\n\t\t\t\t\t<\/span>\n\t\t\t\t\t<\/a>\n\t\t\t\t<\/div>\n\t\t\t\t\t\t\t\t<\/div>\n\t\t\t\t<\/div>\n\t\t\t\t\t<\/div>\n\t\t\t\t<\/div>\n\t\t<div class=\"elementor-element elementor-element-37d89af e-flex e-con-boxed e-con e-parent\" data-id=\"37d89af\" data-element_type=\"container\">\n\t\t\t\t\t<div class=\"e-con-inner\">\n\t\t\t\t<div class=\"elementor-element elementor-element-0d9080d elementor-widget elementor-widget-spacer\" data-id=\"0d9080d\" data-element_type=\"widget\" data-widget_type=\"spacer.default\">\n\t\t\t\t<div class=\"elementor-widget-container\">\n\t\t\t\t\t\t\t<div class=\"elementor-spacer\">\n\t\t\t<div class=\"elementor-spacer-inner\"><\/div>\n\t\t<\/div>\n\t\t\t\t\t\t<\/div>\n\t\t\t\t<\/div>\n\t\t\t\t\t<\/div>\n\t\t\t\t<\/div>\n\t\t\t\t<\/div>\n\t\t","protected":false},"excerpt":{"rendered":"<p>Canjes y donaciones Canjes El CRAI-Biblioteca P. Florentino Idoate, S.J., adquiere material bibliogr\u00e1fico mediante intercambio con instituciones cient\u00edficas y acad\u00e9micas. Los t\u00e9rminos de intercambio se formalizan en un convenio, utilizando el formulario BI-002-002-A. Se acepta material bibliogr\u00e1fico monogr\u00e1fico o seriado, con ciertas restricciones de antig\u00fcedad y relevancia. Los t\u00edtulos recibidos deben cumplir con criterios de&hellip;<\/p>\n","protected":false},"author":1,"featured_media":0,"parent":0,"menu_order":0,"comment_status":"closed","ping_status":"closed","template":"","meta":{"footnotes":""},"class_list":["post-1465","page","type-page","status-publish","hentry"],"yoast_head":"<!-- This site is optimized with the Yoast SEO plugin v24.9 - https:\/\/yoast.com\/wordpress\/plugins\/seo\/ -->\n<title>Canjes y donaciones - Centro de Recursos para el Aprendizaje y la Investigaci\u00f3n P. Florentino Idoate, S.J.<\/title>\n<meta name=\"robots\" content=\"index, follow, max-snippet:-1, max-image-preview:large, max-video-preview:-1\" \/>\n<link rel=\"canonical\" href=\"https:\/\/crai.uca.edu.sv\/index.php\/canjes-y-donaciones-2\/\" \/>\n<meta property=\"og:locale\" content=\"es_ES\" \/>\n<meta property=\"og:type\" content=\"article\" \/>\n<meta property=\"og:title\" content=\"Canjes y donaciones - Centro de Recursos para el Aprendizaje y la Investigaci\u00f3n P. Florentino Idoate, S.J.\" \/>\n<meta property=\"og:description\" content=\"Canjes y donaciones Canjes El CRAI-Biblioteca P. Florentino Idoate, S.J., adquiere material bibliogr\u00e1fico mediante intercambio con instituciones cient\u00edficas y acad\u00e9micas. Los t\u00e9rminos de intercambio se formalizan en un convenio, utilizando el formulario BI-002-002-A. Se acepta material bibliogr\u00e1fico monogr\u00e1fico o seriado, con ciertas restricciones de antig\u00fcedad y relevancia. Los t\u00edtulos recibidos deben cumplir con criterios de&hellip;\" \/>\n<meta property=\"og:url\" content=\"https:\/\/crai.uca.edu.sv\/index.php\/canjes-y-donaciones-2\/\" \/>\n<meta property=\"og:site_name\" content=\"Centro de Recursos para el Aprendizaje y la Investigaci\u00f3n P. Florentino Idoate, S.J.\" \/>\n<meta property=\"article:modified_time\" content=\"2026-03-25T17:16:39+00:00\" \/>\n<meta name=\"twitter:card\" content=\"summary_large_image\" \/>\n<meta name=\"twitter:label1\" content=\"Tiempo de lectura\" \/>\n\t<meta name=\"twitter:data1\" content=\"1 minuto\" \/>\n<script type=\"application\/ld+json\" class=\"yoast-schema-graph\">{\"@context\":\"https:\/\/schema.org\",\"@graph\":[{\"@type\":\"WebPage\",\"@id\":\"https:\/\/crai.uca.edu.sv\/index.php\/canjes-y-donaciones-2\/\",\"url\":\"https:\/\/crai.uca.edu.sv\/index.php\/canjes-y-donaciones-2\/\",\"name\":\"Canjes y donaciones - Centro de Recursos para el Aprendizaje y la Investigaci\u00f3n P. Florentino Idoate, S.J.\",\"isPartOf\":{\"@id\":\"https:\/\/crai.uca.edu.sv\/#website\"},\"datePublished\":\"2024-02-19T14:40:10+00:00\",\"dateModified\":\"2026-03-25T17:16:39+00:00\",\"breadcrumb\":{\"@id\":\"https:\/\/crai.uca.edu.sv\/index.php\/canjes-y-donaciones-2\/#breadcrumb\"},\"inLanguage\":\"es\",\"potentialAction\":[{\"@type\":\"ReadAction\",\"target\":[\"https:\/\/crai.uca.edu.sv\/index.php\/canjes-y-donaciones-2\/\"]}]},{\"@type\":\"BreadcrumbList\",\"@id\":\"https:\/\/crai.uca.edu.sv\/index.php\/canjes-y-donaciones-2\/#breadcrumb\",\"itemListElement\":[{\"@type\":\"ListItem\",\"position\":1,\"name\":\"Portada\",\"item\":\"https:\/\/crai.uca.edu.sv\/\"},{\"@type\":\"ListItem\",\"position\":2,\"name\":\"Canjes y donaciones\"}]},{\"@type\":\"WebSite\",\"@id\":\"https:\/\/crai.uca.edu.sv\/#website\",\"url\":\"https:\/\/crai.uca.edu.sv\/\",\"name\":\"Centro de Recursos para el Aprendizaje y la Investigaci\u00f3n P. Florentino Idoate, S.J.\",\"description\":\"Sitio web del CRAI UCA\",\"publisher\":{\"@id\":\"https:\/\/crai.uca.edu.sv\/#organization\"},\"potentialAction\":[{\"@type\":\"SearchAction\",\"target\":{\"@type\":\"EntryPoint\",\"urlTemplate\":\"https:\/\/crai.uca.edu.sv\/?s={search_term_string}\"},\"query-input\":{\"@type\":\"PropertyValueSpecification\",\"valueRequired\":true,\"valueName\":\"search_term_string\"}}],\"inLanguage\":\"es\"},{\"@type\":\"Organization\",\"@id\":\"https:\/\/crai.uca.edu.sv\/#organization\",\"name\":\"Centro de Recursos para el Aprendizaje y la Investigaci\u00f3n P. Florentino Idoate, S.J.\",\"url\":\"https:\/\/crai.uca.edu.sv\/\",\"logo\":{\"@type\":\"ImageObject\",\"inLanguage\":\"es\",\"@id\":\"https:\/\/crai.uca.edu.sv\/#\/schema\/logo\/image\/\",\"url\":\"https:\/\/crai.uca.edu.sv\/wp-content\/uploads\/2024\/02\/cropped-logo-uca-Video-1.png\",\"contentUrl\":\"https:\/\/crai.uca.edu.sv\/wp-content\/uploads\/2024\/02\/cropped-logo-uca-Video-1.png\",\"width\":512,\"height\":512,\"caption\":\"Centro de Recursos para el Aprendizaje y la Investigaci\u00f3n P. Florentino Idoate, S.J.\"},\"image\":{\"@id\":\"https:\/\/crai.uca.edu.sv\/#\/schema\/logo\/image\/\"}}]}<\/script>\n<!-- \/ Yoast SEO plugin. -->","yoast_head_json":{"title":"Canjes y donaciones - Centro de Recursos para el Aprendizaje y la Investigaci\u00f3n P. Florentino Idoate, S.J.","robots":{"index":"index","follow":"follow","max-snippet":"max-snippet:-1","max-image-preview":"max-image-preview:large","max-video-preview":"max-video-preview:-1"},"canonical":"https:\/\/crai.uca.edu.sv\/index.php\/canjes-y-donaciones-2\/","og_locale":"es_ES","og_type":"article","og_title":"Canjes y donaciones - Centro de Recursos para el Aprendizaje y la Investigaci\u00f3n P. Florentino Idoate, S.J.","og_description":"Canjes y donaciones Canjes El CRAI-Biblioteca P. Florentino Idoate, S.J., adquiere material bibliogr\u00e1fico mediante intercambio con instituciones cient\u00edficas y acad\u00e9micas. Los t\u00e9rminos de intercambio se formalizan en un convenio, utilizando el formulario BI-002-002-A. Se acepta material bibliogr\u00e1fico monogr\u00e1fico o seriado, con ciertas restricciones de antig\u00fcedad y relevancia. Los t\u00edtulos recibidos deben cumplir con criterios de&hellip;","og_url":"https:\/\/crai.uca.edu.sv\/index.php\/canjes-y-donaciones-2\/","og_site_name":"Centro de Recursos para el Aprendizaje y la Investigaci\u00f3n P. Florentino Idoate, S.J.","article_modified_time":"2026-03-25T17:16:39+00:00","twitter_card":"summary_large_image","twitter_misc":{"Tiempo de lectura":"1 minuto"},"schema":{"@context":"https:\/\/schema.org","@graph":[{"@type":"WebPage","@id":"https:\/\/crai.uca.edu.sv\/index.php\/canjes-y-donaciones-2\/","url":"https:\/\/crai.uca.edu.sv\/index.php\/canjes-y-donaciones-2\/","name":"Canjes y donaciones - Centro de Recursos para el Aprendizaje y la Investigaci\u00f3n P. Florentino Idoate, S.J.","isPartOf":{"@id":"https:\/\/crai.uca.edu.sv\/#website"},"datePublished":"2024-02-19T14:40:10+00:00","dateModified":"2026-03-25T17:16:39+00:00","breadcrumb":{"@id":"https:\/\/crai.uca.edu.sv\/index.php\/canjes-y-donaciones-2\/#breadcrumb"},"inLanguage":"es","potentialAction":[{"@type":"ReadAction","target":["https:\/\/crai.uca.edu.sv\/index.php\/canjes-y-donaciones-2\/"]}]},{"@type":"BreadcrumbList","@id":"https:\/\/crai.uca.edu.sv\/index.php\/canjes-y-donaciones-2\/#breadcrumb","itemListElement":[{"@type":"ListItem","position":1,"name":"Portada","item":"https:\/\/crai.uca.edu.sv\/"},{"@type":"ListItem","position":2,"name":"Canjes y donaciones"}]},{"@type":"WebSite","@id":"https:\/\/crai.uca.edu.sv\/#website","url":"https:\/\/crai.uca.edu.sv\/","name":"Centro de Recursos para el Aprendizaje y la Investigaci\u00f3n P. Florentino Idoate, S.J.","description":"Sitio web del CRAI UCA","publisher":{"@id":"https:\/\/crai.uca.edu.sv\/#organization"},"potentialAction":[{"@type":"SearchAction","target":{"@type":"EntryPoint","urlTemplate":"https:\/\/crai.uca.edu.sv\/?s={search_term_string}"},"query-input":{"@type":"PropertyValueSpecification","valueRequired":true,"valueName":"search_term_string"}}],"inLanguage":"es"},{"@type":"Organization","@id":"https:\/\/crai.uca.edu.sv\/#organization","name":"Centro de Recursos para el Aprendizaje y la Investigaci\u00f3n P. Florentino Idoate, S.J.","url":"https:\/\/crai.uca.edu.sv\/","logo":{"@type":"ImageObject","inLanguage":"es","@id":"https:\/\/crai.uca.edu.sv\/#\/schema\/logo\/image\/","url":"https:\/\/crai.uca.edu.sv\/wp-content\/uploads\/2024\/02\/cropped-logo-uca-Video-1.png","contentUrl":"https:\/\/crai.uca.edu.sv\/wp-content\/uploads\/2024\/02\/cropped-logo-uca-Video-1.png","width":512,"height":512,"caption":"Centro de Recursos para el Aprendizaje y la Investigaci\u00f3n P. Florentino Idoate, S.J."},"image":{"@id":"https:\/\/crai.uca.edu.sv\/#\/schema\/logo\/image\/"}}]}},"_links":{"self":[{"href":"https:\/\/crai.uca.edu.sv\/index.php\/wp-json\/wp\/v2\/pages\/1465","targetHints":{"allow":["GET"]}}],"collection":[{"href":"https:\/\/crai.uca.edu.sv\/index.php\/wp-json\/wp\/v2\/pages"}],"about":[{"href":"https:\/\/crai.uca.edu.sv\/index.php\/wp-json\/wp\/v2\/types\/page"}],"author":[{"embeddable":true,"href":"https:\/\/crai.uca.edu.sv\/index.php\/wp-json\/wp\/v2\/users\/1"}],"replies":[{"embeddable":true,"href":"https:\/\/crai.uca.edu.sv\/index.php\/wp-json\/wp\/v2\/comments?post=1465"}],"version-history":[{"count":28,"href":"https:\/\/crai.uca.edu.sv\/index.php\/wp-json\/wp\/v2\/pages\/1465\/revisions"}],"predecessor-version":[{"id":3672,"href":"https:\/\/crai.uca.edu.sv\/index.php\/wp-json\/wp\/v2\/pages\/1465\/revisions\/3672"}],"wp:attachment":[{"href":"https:\/\/crai.uca.edu.sv\/index.php\/wp-json\/wp\/v2\/media?parent=1465"}],"curies":[{"name":"wp","href":"https:\/\/api.w.org\/{rel}","templated":true}]}}